{"id":109,"date":"2026-01-06T20:38:44","date_gmt":"2026-01-06T20:38:44","guid":{"rendered":"https:\/\/kaanatelier.com\/?page_id=109"},"modified":"2026-01-25T19:48:45","modified_gmt":"2026-01-25T19:48:45","slug":"glavna","status":"publish","type":"page","link":"https:\/\/kaanatelier.com\/hr\/","title":{"rendered":"Main page"},"content":{"rendered":"\n<div class=\"wp-block-cover alignfull\"><img loading=\"lazy\" decoding=\"async\" width=\"1024\" height=\"521\" class=\"wp-block-cover__image-background wp-image-501\" alt=\"\" src=\"https:\/\/kaanatelier.com\/wp-content\/uploads\/2026\/01\/NA-glavnoj-fotka-1024x521.jpg\" data-object-fit=\"cover\" srcset=\"https:\/\/kaanatelier.com\/wp-content\/uploads\/2026\/01\/NA-glavnoj-fotka-1024x521.jpg 1024w, https:\/\/kaanatelier.com\/wp-content\/uploads\/2026\/01\/NA-glavnoj-fotka-300x153.jpg 300w, https:\/\/kaanatelier.com\/wp-content\/uploads\/2026\/01\/NA-glavnoj-fotka-768x390.jpg 768w, https:\/\/kaanatelier.com\/wp-content\/uploads\/2026\/01\/NA-glavnoj-fotka.jpg 1080w\" sizes=\"auto, (max-width: 1024px) 100vw, 1024px\" \/><span aria-hidden=\"true\" class=\"wp-block-cover__background has-background-dim\"><\/span><div class=\"wp-block-cover__inner-container is-layout-flow wp-block-cover-is-layout-flow\">\n<div class=\"wp-block-columns is-layout-flex wp-container-core-columns-is-layout-28f84493 wp-block-columns-is-layout-flex\">\n<div class=\"wp-block-column is-layout-flow wp-block-column-is-layout-flow\">\n<figure class=\"wp-block-image aligncenter size-full is-resized\"><img decoding=\"async\" src=\"https:\/\/kaanatelier.com\/wp-content\/uploads\/2026\/01\/logo-crna-pozadina-u-boji-1500px-01-1.png\" alt=\"\" class=\"wp-image-506\" style=\"width:200px\"\/><\/figure>\n\n\n\n<p class=\"has-text-align-center has-large-font-size\"><strong><strong><em>Authentic storytelling \u2014 imagination in motion<\/em><\/strong><\/strong><\/p>\n\n\n\n<p class=\"has-text-align-center has-medium-font-size\"><strong><strong><em><strong>An atelier of words, where light and sound find their form.<\/strong> KAAN atelier is a European creative production house developing and producing original series, films, independent works, and diverse creative projects from concept to expression.<br>Guided by artistry and imagination, we create stories that unfold through visual and narrative form.<\/em><\/strong><\/strong><\/p>\n<\/div>\n<\/div>\n<\/div><\/div>\n\n\n\n<div class=\"wp-block-group alignwide has-global-padding is-layout-constrained wp-block-group-is-layout-constrained\">\n<div class=\"wp-block-columns alignfull is-layout-flex wp-container-core-columns-is-layout-28f84493 wp-block-columns-is-layout-flex\">\n<div class=\"wp-block-column is-layout-flow wp-block-column-is-layout-flow\" style=\"flex-basis:66.66%\">\n<div class=\"wp-block-columns is-layout-flex wp-container-core-columns-is-layout-28f84493 wp-block-columns-is-layout-flex\">\n<div class=\"wp-block-column has-base-2-background-color has-background is-layout-flow wp-block-column-is-layout-flow\">\n<p class=\"has-text-align-center has-base-color has-contrast-background-color has-text-color has-background has-link-color has-large-font-size wp-elements-bb304713c9500a3587f981a45e6b5a1a\"><strong>O NAMA<\/strong><\/p>\n\n\n\n<p class=\"has-text-align-center has-large-font-size\">KAAN atelier osnovale su dvije doktorice umjetnosti, s vizijom stvaranja autorskih serija i filmova koji nastaju na spoju kazali\u0161ta, vizualne umjetnosti i suvremenog knji\u017eevnog izraza.<br>Na\u0161 rad polazi iz iskustva oblikovanja prostora, pokreta i lika \u2013 kroz scenografiju, kostimografiju, glumu, re\u017eiju i likovnost, te iz dugogodi\u0161njeg autorskog djelovanja u izvedbenim umjetnostima.<br>Kao produkcijska ku\u0107a, razvijamo vlastite projekte i stvaramo temelje za interdisciplinarnu suradnju, istra\u017euju\u0107i na\u010dine na koje slika, rije\u010d i zvuk postaju cjelina.<br>Svoje stvarala\u0161tvo \u0161irimo prema filmskim formama, usmjeravaju\u0107i se na poetiku pri\u010de, vizualnu izra\u017eajnost i autorski ton koji oblikuje identitet KAAN ateliera.<\/p>\n<\/div>\n<\/div>\n<\/div>\n\n\n\n<div class=\"wp-block-column is-layout-flow wp-container-core-column-is-layout-29333b1a wp-block-column-is-layout-flow\" style=\"flex-basis:33.33%\">\n<p class=\"has-text-align-center has-base-2-color has-contrast-background-color has-text-color has-background has-link-color has-large-font-size wp-elements-e637060e46c0f0a1d0db7d836402c5dc\"><strong>RADOVI<\/strong><\/p>\n\n\n\n<div class=\"wp-block-cover\"><img loading=\"lazy\" decoding=\"async\" width=\"1024\" height=\"724\" class=\"wp-block-cover__image-background wp-image-21\" alt=\"\" src=\"https:\/\/kaanatelier.com\/wp-content\/uploads\/2026\/01\/2.str_.-portfolio-1-1024x724.jpg\" data-object-fit=\"cover\" srcset=\"https:\/\/kaanatelier.com\/wp-content\/uploads\/2026\/01\/2.str_.-portfolio-1-1024x724.jpg 1024w, https:\/\/kaanatelier.com\/wp-content\/uploads\/2026\/01\/2.str_.-portfolio-1-300x212.jpg 300w, https:\/\/kaanatelier.com\/wp-content\/uploads\/2026\/01\/2.str_.-portfolio-1-768x543.jpg 768w, https:\/\/kaanatelier.com\/wp-content\/uploads\/2026\/01\/2.str_.-portfolio-1-1536x1086.jpg 1536w, https:\/\/kaanatelier.com\/wp-content\/uploads\/2026\/01\/2.str_.-portfolio-1-2048x1448.jpg 2048w\" sizes=\"auto, (max-width: 1024px) 100vw, 1024px\" \/><span aria-hidden=\"true\" class=\"wp-block-cover__background has-background-dim\"><\/span><div class=\"wp-block-cover__inner-container is-layout-flow wp-block-cover-is-layout-flow\">\n<div class=\"wp-block-buttons is-content-justification-center is-layout-flex wp-container-core-buttons-is-layout-a89b3969 wp-block-buttons-is-layout-flex\">\n<div class=\"wp-block-button has-custom-width wp-block-button__width-75 is-style-outline is-style-outline--1\"><a class=\"wp-block-button__link has-text-align-center wp-element-button\" href=\"https:\/\/kaanatelier.com\/set-design\/\" style=\"border-width:2px;border-top-left-radius:0px;border-top-right-radius:0px;border-bottom-left-radius:0px;border-bottom-right-radius:0px\">SCENOGRAFIJA<\/a><\/div>\n<\/div>\n<\/div><\/div>\n\n\n\n<div class=\"wp-block-cover\"><img loading=\"lazy\" decoding=\"async\" width=\"1024\" height=\"724\" class=\"wp-block-cover__image-background wp-image-23\" alt=\"\" src=\"https:\/\/kaanatelier.com\/wp-content\/uploads\/2026\/01\/5.str_.-portfolio-1-1024x724.jpg\" data-object-fit=\"cover\" srcset=\"https:\/\/kaanatelier.com\/wp-content\/uploads\/2026\/01\/5.str_.-portfolio-1-1024x724.jpg 1024w, https:\/\/kaanatelier.com\/wp-content\/uploads\/2026\/01\/5.str_.-portfolio-1-300x212.jpg 300w, https:\/\/kaanatelier.com\/wp-content\/uploads\/2026\/01\/5.str_.-portfolio-1-768x543.jpg 768w, https:\/\/kaanatelier.com\/wp-content\/uploads\/2026\/01\/5.str_.-portfolio-1-1536x1086.jpg 1536w, https:\/\/kaanatelier.com\/wp-content\/uploads\/2026\/01\/5.str_.-portfolio-1-2048x1448.jpg 2048w\" sizes=\"auto, (max-width: 1024px) 100vw, 1024px\" \/><span aria-hidden=\"true\" class=\"wp-block-cover__background has-background-dim\"><\/span><div class=\"wp-block-cover__inner-container is-layout-flow wp-block-cover-is-layout-flow\">\n<div class=\"wp-block-buttons is-content-justification-center is-layout-flex wp-container-core-buttons-is-layout-a89b3969 wp-block-buttons-is-layout-flex\" style=\"border-style:none;border-width:0px\">\n<div class=\"wp-block-button has-custom-width wp-block-button__width-75 is-style-outline is-style-outline--2\"><a class=\"wp-block-button__link has-text-align-center wp-element-button\" href=\"https:\/\/kaanatelier.com\/puppetry\/\" style=\"border-width:2px;border-top-left-radius:0px;border-top-right-radius:0px;border-bottom-left-radius:0px;border-bottom-right-radius:0px\">LUTKE<\/a><\/div>\n<\/div>\n<\/div><\/div>\n\n\n\n<div class=\"wp-block-cover\"><img loading=\"lazy\" decoding=\"async\" width=\"1024\" height=\"724\" class=\"wp-block-cover__image-background wp-image-20\" alt=\"\" src=\"https:\/\/kaanatelier.com\/wp-content\/uploads\/2026\/01\/1.str_.-portfolio-3-1024x724.jpg\" data-object-fit=\"cover\" srcset=\"https:\/\/kaanatelier.com\/wp-content\/uploads\/2026\/01\/1.str_.-portfolio-3-1024x724.jpg 1024w, https:\/\/kaanatelier.com\/wp-content\/uploads\/2026\/01\/1.str_.-portfolio-3-300x212.jpg 300w, https:\/\/kaanatelier.com\/wp-content\/uploads\/2026\/01\/1.str_.-portfolio-3-768x543.jpg 768w, https:\/\/kaanatelier.com\/wp-content\/uploads\/2026\/01\/1.str_.-portfolio-3-1536x1086.jpg 1536w, https:\/\/kaanatelier.com\/wp-content\/uploads\/2026\/01\/1.str_.-portfolio-3-2048x1448.jpg 2048w\" sizes=\"auto, (max-width: 1024px) 100vw, 1024px\" \/><span aria-hidden=\"true\" class=\"wp-block-cover__background has-background-dim\"><\/span><div class=\"wp-block-cover__inner-container is-layout-flow wp-block-cover-is-layout-flow\">\n<div class=\"wp-block-buttons is-content-justification-center is-layout-flex wp-container-core-buttons-is-layout-a89b3969 wp-block-buttons-is-layout-flex\">\n<div class=\"wp-block-button has-custom-width wp-block-button__width-75 is-style-outline is-style-outline--3\"><a class=\"wp-block-button__link has-text-align-center wp-element-button\" href=\"https:\/\/kaanatelier.com\/costume-design\/\" style=\"border-width:2px;border-top-left-radius:0px;border-top-right-radius:0px;border-bottom-left-radius:0px;border-bottom-right-radius:0px\">KOSTIMOGRAFIJA<\/a><\/div>\n<\/div>\n<\/div><\/div>\n<\/div>\n<\/div>\n<\/div>\n","protected":false},"excerpt":{"rendered":"<p>O NAMA KAAN atelier osnovale su dvije doktorice umjetnosti, s vizijom stvaranja autorskih serija i filmova koji nastaju na spoju kazali\u0161ta, vizualne umjetnosti i suvremenog knji\u017eevnog izraza.Na\u0161 rad polazi iz iskustva oblikovanja prostora, pokreta i lika \u2013 kroz scenografiju, kostimografiju, glumu, re\u017eiju i likovnost, te iz dugogodi\u0161njeg autorskog djelovanja u izvedbenim umjetnostima.Kao produkcijska ku\u0107a, razvijamo [&hellip;]<\/p>\n","protected":false},"author":1,"featured_media":0,"parent":0,"menu_order":0,"comment_status":"closed","ping_status":"closed","template":"default-for-bio-2","meta":{"_uag_custom_page_level_css":"","footnotes":""},"class_list":["post-109","page","type-page","status-publish","hentry"],"aioseo_notices":[],"_hostinger_reach_plugin_has_subscription_block":false,"_hostinger_reach_plugin_is_elementor":false,"uagb_featured_image_src":{"full":false,"thumbnail":false,"medium":false,"medium_large":false,"large":false,"1536x1536":false,"2048x2048":false},"uagb_author_info":{"display_name":"ivanazivkovic444@gmail.com","author_link":"https:\/\/kaanatelier.com\/hr\/author\/ivanazivkovic444gmail-com\/"},"uagb_comment_info":0,"uagb_excerpt":"O NAMA KAAN atelier osnovale su dvije doktorice umjetnosti, s vizijom stvaranja autorskih serija i filmova koji nastaju na spoju kazali\u0161ta, vizualne umjetnosti i suvremenog knji\u017eevnog izraza.Na\u0161 rad polazi iz iskustva oblikovanja prostora, pokreta i lika \u2013 kroz scenografiju, kostimografiju, glumu, re\u017eiju i likovnost, te iz dugogodi\u0161njeg autorskog djelovanja u izvedbenim umjetnostima.Kao produkcijska ku\u0107a, razvijamo&hellip;","_links":{"self":[{"href":"https:\/\/kaanatelier.com\/hr\/wp-json\/wp\/v2\/pages\/109","targetHints":{"allow":["GET"]}}],"collection":[{"href":"https:\/\/kaanatelier.com\/hr\/wp-json\/wp\/v2\/pages"}],"about":[{"href":"https:\/\/kaanatelier.com\/hr\/wp-json\/wp\/v2\/types\/page"}],"author":[{"embeddable":true,"href":"https:\/\/kaanatelier.com\/hr\/wp-json\/wp\/v2\/users\/1"}],"replies":[{"embeddable":true,"href":"https:\/\/kaanatelier.com\/hr\/wp-json\/wp\/v2\/comments?post=109"}],"version-history":[{"count":31,"href":"https:\/\/kaanatelier.com\/hr\/wp-json\/wp\/v2\/pages\/109\/revisions"}],"predecessor-version":[{"id":671,"href":"https:\/\/kaanatelier.com\/hr\/wp-json\/wp\/v2\/pages\/109\/revisions\/671"}],"wp:attachment":[{"href":"https:\/\/kaanatelier.com\/hr\/wp-json\/wp\/v2\/media?parent=109"}],"curies":[{"name":"wp","href":"https:\/\/api.w.org\/{rel}","templated":true}]}}