{"id":29,"date":"2026-01-05T22:13:14","date_gmt":"2026-01-05T22:13:14","guid":{"rendered":"https:\/\/antiquewhite-termite-707718.hostingersite.com\/?page_id=29"},"modified":"2026-01-25T19:42:14","modified_gmt":"2026-01-25T19:42:14","slug":"books","status":"publish","type":"page","link":"https:\/\/kaanatelier.com\/hr\/books\/","title":{"rendered":"Knjige"},"content":{"rendered":"\n<p class=\"has-text-align-center\">Autorska knji\u017eevna i stvarala\u010dka djela objavljena u izdanju KAAN ateliera.<br>Pri\u010de koje otvaraju svjetove na\u0161eg ateliera.<\/p>\n\n\n\n<div class=\"wp-block-group alignfull has-global-padding is-layout-constrained wp-block-group-is-layout-constrained\" style=\"min-height:0px\">\n<div class=\"wp-block-group alignwide has-base-2-background-color has-background is-nowrap is-layout-flex wp-container-core-group-is-layout-6c531013 wp-block-group-is-layout-flex\">\n<div class=\"wp-block-columns alignfull has-medium-font-size is-layout-flex wp-container-core-columns-is-layout-99c444c5 wp-block-columns-is-layout-flex\" style=\"border-style:none;border-width:0px;border-top-left-radius:0px;border-top-right-radius:0px;border-bottom-left-radius:0px;border-bottom-right-radius:0px;margin-top:0;margin-bottom:0;padding-top:0;padding-bottom:0\">\n<div class=\"wp-block-column has-contrast-background-color has-background is-layout-flow wp-container-core-column-is-layout-303e3cf6 wp-block-column-is-layout-flow\" style=\"padding-top:0px;padding-bottom:0px\">\n<div class=\"wp-block-buttons is-content-justification-center is-layout-flex wp-container-core-buttons-is-layout-10860990 wp-block-buttons-is-layout-flex\" style=\"padding-top:var(--wp--preset--spacing--10);padding-bottom:var(--wp--preset--spacing--10)\">\n<div class=\"wp-block-button has-custom-width wp-block-button__width-75\"><a class=\"wp-block-button__link has-contrast-color has-base-2-background-color has-text-color has-background has-link-color wp-element-button\" href=\"https:\/\/www.amazon.com\/Yoshiwara-Eve-Kaan-ebook\/dp\/B07VXKSGMD?ref_=ast_author_dp_rw&#038;psc=1\" style=\"padding-top:var(--wp--preset--spacing--10);padding-right:0;padding-bottom:var(--wp--preset--spacing--10);padding-left:0\"><strong>READ NOW<\/strong><\/a><\/div>\n<\/div>\n\n\n\n<div class=\"wp-block-group is-vertical is-layout-flex wp-container-core-group-is-layout-83fcafd0 wp-block-group-is-layout-flex\" style=\"margin-top:0;margin-bottom:0;padding-top:0;padding-right:0;padding-bottom:0;padding-left:0\">\n<figure class=\"wp-block-image size-full is-style-default hover-fly wp-duotone-unset-1\"><a href=\"https:\/\/www.amazon.com\/Yoshiwara-Eve-Kaan-ebook\/dp\/B07VXKSGMD?ref_=ast_author_dp_rw&#038;psc=1\"><img loading=\"lazy\" decoding=\"async\" width=\"313\" height=\"500\" src=\"https:\/\/kaanatelier.com\/wp-content\/uploads\/2026\/01\/Yoshiwara.jpg\" alt=\"\" class=\"wp-image-30\" srcset=\"https:\/\/kaanatelier.com\/wp-content\/uploads\/2026\/01\/Yoshiwara.jpg 313w, https:\/\/kaanatelier.com\/wp-content\/uploads\/2026\/01\/Yoshiwara-188x300.jpg 188w\" sizes=\"auto, (max-width: 313px) 100vw, 313px\" \/><\/a><\/figure>\n\n\n\n<p class=\"has-text-align-center has-base-color has-contrast-background-color has-text-color has-background has-link-color wp-elements-af708c76a9077aabe1c5588936d5d789\" style=\"border-top-left-radius:0px;border-top-right-radius:0px;border-bottom-left-radius:0px;border-bottom-right-radius:0px\">&#8220;We are not geishas, nor we are prostitutes, but the girls who have retained the best parts of both worlds.&#8221;<\/p>\n<\/div>\n<\/div>\n\n\n\n<div class=\"wp-block-column has-contrast-background-color has-background is-layout-flow wp-container-core-column-is-layout-92d440f1 wp-block-column-is-layout-flow\" style=\"padding-top:0;padding-bottom:0\">\n<div class=\"wp-block-buttons is-content-justification-center is-layout-flex wp-container-core-buttons-is-layout-10860990 wp-block-buttons-is-layout-flex\" style=\"padding-top:var(--wp--preset--spacing--10);padding-bottom:var(--wp--preset--spacing--10)\">\n<div class=\"wp-block-button has-custom-width wp-block-button__width-75\"><a class=\"wp-block-button__link has-contrast-color has-base-2-background-color has-text-color has-background has-link-color wp-element-button\" href=\"https:\/\/www.amazon.com\/Yoshiwaras-Guests-Lesbian-Eve-Kaan-ebook\/dp\/B084LD45Y3\" style=\"padding-top:var(--wp--preset--spacing--10);padding-right:0;padding-bottom:var(--wp--preset--spacing--10);padding-left:0\"><strong>READ NOW<\/strong><\/a><\/div>\n<\/div>\n\n\n\n<div class=\"wp-block-group is-vertical is-layout-flex wp-container-core-group-is-layout-4b827052 wp-block-group-is-layout-flex\">\n<figure class=\"wp-block-image size-full hover-fly\" style=\"margin-top:0;margin-bottom:0\"><a href=\"https:\/\/www.amazon.com\/Yoshiwaras-Guests-Lesbian-Eve-Kaan-ebook\/dp\/B084LD45Y3\"><img loading=\"lazy\" decoding=\"async\" width=\"1600\" height=\"2560\" src=\"https:\/\/kaanatelier.com\/wp-content\/uploads\/2026\/01\/Yoshiwaras-guests.jpg\" alt=\"\" class=\"wp-image-31\" srcset=\"https:\/\/kaanatelier.com\/wp-content\/uploads\/2026\/01\/Yoshiwaras-guests.jpg 1600w, https:\/\/kaanatelier.com\/wp-content\/uploads\/2026\/01\/Yoshiwaras-guests-188x300.jpg 188w, https:\/\/kaanatelier.com\/wp-content\/uploads\/2026\/01\/Yoshiwaras-guests-640x1024.jpg 640w, https:\/\/kaanatelier.com\/wp-content\/uploads\/2026\/01\/Yoshiwaras-guests-768x1229.jpg 768w, https:\/\/kaanatelier.com\/wp-content\/uploads\/2026\/01\/Yoshiwaras-guests-960x1536.jpg 960w, https:\/\/kaanatelier.com\/wp-content\/uploads\/2026\/01\/Yoshiwaras-guests-1280x2048.jpg 1280w\" sizes=\"auto, (max-width: 1600px) 100vw, 1600px\" \/><\/a><\/figure>\n\n\n\n<p class=\"has-text-align-center has-base-color has-contrast-background-color has-text-color has-background has-link-color wp-elements-b55845b63e74dfa7c0055995d906c6c1\">She leads seemingly a relaxed life where tomorrow doesn&#8217;t exist. Fortune spending, women, and constant change of scenery are her oblivion.<\/p>\n<\/div>\n<\/div>\n\n\n\n<div class=\"wp-block-column has-contrast-background-color has-background is-layout-flow wp-block-column-is-layout-flow\" style=\"padding-top:0;padding-bottom:0\">\n<div class=\"wp-block-buttons is-content-justification-center is-layout-flex wp-container-core-buttons-is-layout-10860990 wp-block-buttons-is-layout-flex\" style=\"padding-top:var(--wp--preset--spacing--10);padding-bottom:var(--wp--preset--spacing--10)\">\n<div class=\"wp-block-button has-custom-width wp-block-button__width-75\"><a class=\"wp-block-button__link has-contrast-color has-base-2-background-color has-text-color has-background has-link-color wp-element-button\" href=\"https:\/\/www.amazon.com\/Lilium-Eve-Kaan-ebook\/dp\/B08QV78SLY\" style=\"padding-top:var(--wp--preset--spacing--10);padding-right:0;padding-bottom:var(--wp--preset--spacing--10);padding-left:0\"><strong>READ NOW<\/strong><\/a><\/div>\n<\/div>\n\n\n\n<div class=\"wp-block-group is-vertical is-content-justification-left is-layout-flex wp-container-core-group-is-layout-f7fc7fe4 wp-block-group-is-layout-flex\" style=\"margin-top:0;margin-bottom:0;padding-top:0;padding-right:0;padding-bottom:0;padding-left:0\">\n<figure class=\"wp-block-image size-full hover-fly\" style=\"margin-top:0;margin-bottom:0\"><a href=\"https:\/\/www.amazon.com\/Lilium-Eve-Kaan-ebook\/dp\/B08QV78SLY\"><img loading=\"lazy\" decoding=\"async\" width=\"625\" height=\"1000\" src=\"https:\/\/kaanatelier.com\/wp-content\/uploads\/2026\/01\/Lilium.jpg\" alt=\"\" class=\"wp-image-32\" title=\"\" srcset=\"https:\/\/kaanatelier.com\/wp-content\/uploads\/2026\/01\/Lilium.jpg 625w, https:\/\/kaanatelier.com\/wp-content\/uploads\/2026\/01\/Lilium-188x300.jpg 188w\" sizes=\"auto, (max-width: 625px) 100vw, 625px\" \/><\/a><\/figure>\n\n\n\n<p class=\"has-text-align-center has-base-color has-contrast-background-color has-text-color has-background has-link-color has-medium-font-size wp-elements-8d26c3602c678a1a98c6ee3be56dab11\">Both of them hide behind pseudo names. Both of them are seeking love. And with each message, their longing grows to meet the other woman in person. To reveal their identities, to reveal the truth about themselves.<\/p>\n<\/div>\n<\/div>\n\n\n\n<div class=\"wp-block-column has-contrast-background-color has-background is-layout-flow wp-container-core-column-is-layout-b2a27621 wp-block-column-is-layout-flow\" style=\"padding-top:0;padding-right:0;padding-bottom:0;padding-left:0\">\n<div class=\"wp-block-buttons is-content-justification-center is-layout-flex wp-container-core-buttons-is-layout-10860990 wp-block-buttons-is-layout-flex\" style=\"padding-top:var(--wp--preset--spacing--10);padding-bottom:var(--wp--preset--spacing--10)\">\n<div class=\"wp-block-button has-custom-width wp-block-button__width-75\"><a class=\"wp-block-button__link has-contrast-color has-base-2-background-color has-text-color has-background has-link-color wp-element-button\" href=\"https:\/\/www.amazon.com\/Mrs-Blackwood-lesbian-romance-Kaan-ebook\/dp\/B08D7R8FXB\" style=\"padding-top:var(--wp--preset--spacing--10);padding-right:0;padding-bottom:var(--wp--preset--spacing--10);padding-left:0\"><strong>READ NOW<\/strong><\/a><\/div>\n<\/div>\n\n\n\n<div class=\"wp-block-group is-vertical is-layout-flex wp-container-core-group-is-layout-68766654 wp-block-group-is-layout-flex\" style=\"padding-top:0;padding-bottom:0\">\n<figure class=\"wp-block-image size-full hover-fly\" style=\"margin-top:0;margin-right:0;margin-bottom:0;margin-left:0\"><a href=\"https:\/\/www.amazon.com\/Mrs-Blackwood-lesbian-romance-Kaan-ebook\/dp\/B08D7R8FXB\"><img loading=\"lazy\" decoding=\"async\" width=\"625\" height=\"1000\" src=\"https:\/\/kaanatelier.com\/wp-content\/uploads\/2026\/01\/Mrs-Blackwood.jpg\" alt=\"\" class=\"wp-image-33\" srcset=\"https:\/\/kaanatelier.com\/wp-content\/uploads\/2026\/01\/Mrs-Blackwood.jpg 625w, https:\/\/kaanatelier.com\/wp-content\/uploads\/2026\/01\/Mrs-Blackwood-188x300.jpg 188w\" sizes=\"auto, (max-width: 625px) 100vw, 625px\" \/><\/a><\/figure>\n\n\n\n<p class=\"has-text-align-center has-base-color has-contrast-background-color has-text-color has-background has-link-color wp-elements-c7d39d26985404066eb3dea4d97a8470\">Paradise in the heart of the Mediterranean. An extravagant villa and a fresh breeze. Will they find the strength to face each other or will the things stay shrouded in mystery? It&#8217;s a race against time.<\/p>\n<\/div>\n<\/div>\n<\/div>\n<\/div>\n<\/div>\n\n\n\n<p><\/p>\n","protected":false},"excerpt":{"rendered":"<p>Autorska knji\u017eevna i stvarala\u010dka djela objavljena u izdanju KAAN ateliera.Pri\u010de koje otvaraju svjetove na\u0161eg ateliera. &#8220;We are not geishas, nor we are prostitutes, but the girls who have retained the best parts of both worlds.&#8221; She leads seemingly a relaxed life where tomorrow doesn&#8217;t exist. Fortune spending, women, and constant change of scenery are her [&hellip;]<\/p>\n","protected":false},"author":1,"featured_media":0,"parent":0,"menu_order":0,"comment_status":"closed","ping_status":"closed","template":"","meta":{"_uag_custom_page_level_css":"","footnotes":""},"class_list":["post-29","page","type-page","status-publish","hentry"],"aioseo_notices":[],"_hostinger_reach_plugin_has_subscription_block":false,"_hostinger_reach_plugin_is_elementor":false,"uagb_featured_image_src":{"full":false,"thumbnail":false,"medium":false,"medium_large":false,"large":false,"1536x1536":false,"2048x2048":false},"uagb_author_info":{"display_name":"ivanazivkovic444@gmail.com","author_link":"https:\/\/kaanatelier.com\/hr\/author\/ivanazivkovic444gmail-com\/"},"uagb_comment_info":0,"uagb_excerpt":"Autorska knji\u017eevna i stvarala\u010dka djela objavljena u izdanju KAAN ateliera.Pri\u010de koje otvaraju svjetove na\u0161eg ateliera. &#8220;We are not geishas, nor we are prostitutes, but the girls who have retained the best parts of both worlds.&#8221; She leads seemingly a relaxed life where tomorrow doesn&#8217;t exist. Fortune spending, women, and constant change of scenery are her&hellip;","_links":{"self":[{"href":"https:\/\/kaanatelier.com\/hr\/wp-json\/wp\/v2\/pages\/29","targetHints":{"allow":["GET"]}}],"collection":[{"href":"https:\/\/kaanatelier.com\/hr\/wp-json\/wp\/v2\/pages"}],"about":[{"href":"https:\/\/kaanatelier.com\/hr\/wp-json\/wp\/v2\/types\/page"}],"author":[{"embeddable":true,"href":"https:\/\/kaanatelier.com\/hr\/wp-json\/wp\/v2\/users\/1"}],"replies":[{"embeddable":true,"href":"https:\/\/kaanatelier.com\/hr\/wp-json\/wp\/v2\/comments?post=29"}],"version-history":[{"count":30,"href":"https:\/\/kaanatelier.com\/hr\/wp-json\/wp\/v2\/pages\/29\/revisions"}],"predecessor-version":[{"id":666,"href":"https:\/\/kaanatelier.com\/hr\/wp-json\/wp\/v2\/pages\/29\/revisions\/666"}],"wp:attachment":[{"href":"https:\/\/kaanatelier.com\/hr\/wp-json\/wp\/v2\/media?parent=29"}],"curies":[{"name":"wp","href":"https:\/\/api.w.org\/{rel}","templated":true}]}}