{"id":35,"date":"2026-01-05T22:13:14","date_gmt":"2026-01-05T22:13:14","guid":{"rendered":"https:\/\/kaanatelier.com\/?page_id=35"},"modified":"2026-01-25T22:37:17","modified_gmt":"2026-01-25T22:37:17","slug":"updates","status":"publish","type":"page","link":"https:\/\/kaanatelier.com\/hr\/updates\/","title":{"rendered":"Updates"},"content":{"rendered":"\n<p>u razvoju smo novih autorskih projekata.<br>Na ovoj stranici uskoro \u0107emo dijeliti vijesti o produkcijama, suradnjama i doga\u0111anjima KAAN ateliera.<\/p>\n\n\n\n<ul class=\"wp-block-list\">\n<li>KAAN atelier zapo\u010dinje s radom kao autorski i produkcijski prostor posve\u0107en stvaranju filmskih i izvedbenih projekata. Na\u0161 prvi fokus bit \u0107e razvoj autorskih serija i interdisciplinarnih suradnji.<\/li>\n\n\n\n<li>Atelier trenutno razvija nekoliko autorskih ideja na spoju kazali\u0161ta, filma i vizualnih umjetnosti. Na\u0161i prvi projekti bit \u0107e predstavljeni u 2026. godini.<\/li>\n\n\n\n<li>Na\u0161 kreativni tim okuplja umjetnike i suradnike iz podru\u010dja scenografije, glume, re\u017eije, likovnosti i knji\u017eevnosti. Zajedno gradimo temelj za filmske i serijske projekte KAAN ateliera.<\/li>\n\n\n\n<li>Nova knjiga u nastajanju \u2013 rije\u010di koje stvaraju svjetove, potpisuje Eve Kaan. Projekt \u201cMali velikani Osijeka\u201d u razvoju \u2014 autorska lutkarsko-filmska serija u pripremi za 2026.<\/li>\n<\/ul>\n\n\n\n<p><\/p>\n","protected":false},"excerpt":{"rendered":"<p>u razvoju smo novih autorskih projekata.Na ovoj stranici uskoro \u0107emo dijeliti vijesti o produkcijama, suradnjama i doga\u0111anjima KAAN ateliera.<\/p>\n","protected":false},"author":1,"featured_media":0,"parent":0,"menu_order":0,"comment_status":"closed","ping_status":"closed","template":"","meta":{"_uag_custom_page_level_css":"","footnotes":""},"class_list":["post-35","page","type-page","status-publish","hentry"],"aioseo_notices":[],"_hostinger_reach_plugin_has_subscription_block":false,"_hostinger_reach_plugin_is_elementor":false,"uagb_featured_image_src":{"full":false,"thumbnail":false,"medium":false,"medium_large":false,"large":false,"1536x1536":false,"2048x2048":false},"uagb_author_info":{"display_name":"ivanazivkovic444@gmail.com","author_link":"https:\/\/kaanatelier.com\/hr\/author\/ivanazivkovic444gmail-com\/"},"uagb_comment_info":0,"uagb_excerpt":"u razvoju smo novih autorskih projekata.Na ovoj stranici uskoro \u0107emo dijeliti vijesti o produkcijama, suradnjama i doga\u0111anjima KAAN ateliera.","_links":{"self":[{"href":"https:\/\/kaanatelier.com\/hr\/wp-json\/wp\/v2\/pages\/35","targetHints":{"allow":["GET"]}}],"collection":[{"href":"https:\/\/kaanatelier.com\/hr\/wp-json\/wp\/v2\/pages"}],"about":[{"href":"https:\/\/kaanatelier.com\/hr\/wp-json\/wp\/v2\/types\/page"}],"author":[{"embeddable":true,"href":"https:\/\/kaanatelier.com\/hr\/wp-json\/wp\/v2\/users\/1"}],"replies":[{"embeddable":true,"href":"https:\/\/kaanatelier.com\/hr\/wp-json\/wp\/v2\/comments?post=35"}],"version-history":[{"count":7,"href":"https:\/\/kaanatelier.com\/hr\/wp-json\/wp\/v2\/pages\/35\/revisions"}],"predecessor-version":[{"id":735,"href":"https:\/\/kaanatelier.com\/hr\/wp-json\/wp\/v2\/pages\/35\/revisions\/735"}],"wp:attachment":[{"href":"https:\/\/kaanatelier.com\/hr\/wp-json\/wp\/v2\/media?parent=35"}],"curies":[{"name":"wp","href":"https:\/\/api.w.org\/{rel}","templated":true}]}}