{"id":418,"date":"2026-01-20T23:27:01","date_gmt":"2026-01-20T23:27:01","guid":{"rendered":"https:\/\/kaanatelier.com\/hr\/?page_id=418"},"modified":"2026-01-28T21:34:53","modified_gmt":"2026-01-28T21:34:53","slug":"ivana-zivkovic","status":"publish","type":"page","link":"https:\/\/kaanatelier.com\/hr\/ivana-zivkovic\/","title":{"rendered":"Ivana \u017divkovi\u0107"},"content":{"rendered":"\n<div class=\"wp-block-group alignwide has-global-padding is-layout-constrained wp-block-group-is-layout-constrained\">\n<div class=\"wp-block-group alignwide has-global-padding is-layout-constrained wp-block-group-is-layout-constrained\">\n<div class=\"wp-block-columns alignwide is-layout-flex wp-container-core-columns-is-layout-28f84493 wp-block-columns-is-layout-flex\">\n<div class=\"wp-block-column is-layout-flow wp-block-column-is-layout-flow\" style=\"flex-basis:33.33%\">\n<figure class=\"wp-block-image size-large\"><img loading=\"lazy\" decoding=\"async\" width=\"768\" height=\"1024\" src=\"https:\/\/kaanatelier.com\/wp-content\/uploads\/2026\/01\/IMG_20171104_130239-768x1024.jpg\" alt=\"\" class=\"wp-image-382\" srcset=\"https:\/\/kaanatelier.com\/wp-content\/uploads\/2026\/01\/IMG_20171104_130239-768x1024.jpg 768w, https:\/\/kaanatelier.com\/wp-content\/uploads\/2026\/01\/IMG_20171104_130239-225x300.jpg 225w, https:\/\/kaanatelier.com\/wp-content\/uploads\/2026\/01\/IMG_20171104_130239-1152x1536.jpg 1152w, https:\/\/kaanatelier.com\/wp-content\/uploads\/2026\/01\/IMG_20171104_130239-1536x2048.jpg 1536w, https:\/\/kaanatelier.com\/wp-content\/uploads\/2026\/01\/IMG_20171104_130239-scaled.jpg 1920w\" sizes=\"auto, (max-width: 768px) 100vw, 768px\" \/><\/figure>\n<\/div>\n\n\n\n<div class=\"wp-block-column is-layout-flow wp-block-column-is-layout-flow\" style=\"flex-basis:66.66%\"><h2 class=\"wp-block-post-title\">Ivana \u017divkovi\u0107<\/h2>\n\n\n<p>\u2022 Europska umjetnica, <strong>kostimografkinja, dizajnerica maske i \u0161minke, interdisciplinarna vizualna umjetnica i spisateljica<\/strong><br>\u2022 <strong>Doktorica umjetosti<\/strong> \u2013 kultura, umjetnost i knji\u017eevnost u europskom kontekstu (specijalizacija: kostim i dizajn maske), Sveu\u010dili\u0161te Josipa Jurja Strossmayera u Osijeku<br>\u2022 <strong>Magistra likovne umjetnosti<\/strong> (smjer slikarstvo), Akademija za umjetnost i kulturu u Osijeku<br>\u2022 <strong>Zaposlena na Akademiji za umjetnost i kulturu u Osijeku<\/strong>, Odsjek za kreativne tehnologije<\/p>\n\n\n\n<hr class=\"wp-block-separator has-alpha-channel-opacity is-style-wide\"\/>\n\n\n\n<p>Njezin se umjetni\u010dki rad usredoto\u010duje na kostimografiju i dizajn maske I lutaka, s posebnim naglaskom na istra\u017eivanje na\u010dina na koji vizualni identitet i materijalnost oblikuju lik, atmosferu i narativ. U svom radu spaja preciznost likovne umjetnosti s eksperimentalnim pristupima formi, boji i teksturi, povezuju\u0107i vizualnu umjetnost sa suvremenim produkcijskim dizajnom.<\/p>\n\n\n\n<p>Razvija originalne dramske koncepte i dramatur\u0161ke adaptacije koje objedinjuju kostim, scenografiju i vizualnu kompoziciju u koherentne performativne svjetove. Njezin rad obuhva\u0107a i umjetnost \u0161minke te dizajn lutaka, s naglaskom na transformativnu mo\u0107 vizualnog detalja.<\/p>\n\n\n\n<p>Njezina su djela predstavljena na nacionalnim i me\u0111unarodnim festivalima i izlo\u017ebama. \u010clanica je Hrvatskog dru\u0161tva likovnih umjetnika (HDLU Osijek).<\/p>\n<\/div>\n<\/div>\n\n\n\n<hr class=\"wp-block-separator has-alpha-channel-opacity is-style-wide\" style=\"margin-top:var(--wp--preset--spacing--10);margin-bottom:var(--wp--preset--spacing--10)\"\/>\n\n\n\n<div class=\"wp-block-group alignwide has-global-padding is-layout-constrained wp-block-group-is-layout-constrained\">\n<p class=\"has-text-align-center\"><strong>Odabrani projekti<\/strong><\/p>\n\n\n\n<div class=\"wp-block-columns alignwide is-layout-flex wp-container-core-columns-is-layout-28f84493 wp-block-columns-is-layout-flex\">\n<div class=\"wp-block-column is-layout-flow wp-block-column-is-layout-flow\">\n<ul class=\"wp-block-list\">\n<li class=\"has-small-font-size\"><em>Zov divljine<\/em> \u2013 kostimografija, HNK Mostar, Bosna i Hercegovina, 2025.<\/li>\n\n\n\n<li class=\"has-small-font-size\"><em>Prvi kralj,<\/em> kostimografija, Akademija za umjetnost i kulturu u Osijeku, 2025.<\/li>\n\n\n\n<li class=\"has-small-font-size\"><em>Ivica i Marica<\/em> \u2013 kostimografija, dizajn lutaka i rasvjete, Lutkarsko kazali\u0161te Ni\u0161, 2025.<\/li>\n\n\n\n<li class=\"has-small-font-size\"><em>Cvilidreta<\/em> \u2013 scenografija, Kazali\u0161te Marina Dr\u017ei\u0107a Dubrovnik, 2024.<\/li>\n\n\n\n<li class=\"has-small-font-size\">Cirkus. Doslovno, Umjetni\u010dka organizacija Susret i Luika teatar, 2024.<\/li>\n\n\n\n<li class=\"has-small-font-size\"> Slu\u010daj Vidra: Dundo Maroje \u2013 kostimografija, Umjetni\u010dka organizacija Susret, 2024.<\/li>\n\n\n\n<li class=\"has-small-font-size\"><em>\u0160krtac<\/em> \u2013 kostimografija, Narodno kazali\u0161te Tuzla, 2023.<\/li>\n\n\n\n<li class=\"has-small-font-size\"><em>Dje\u010dak<\/em> \u2013 scenografija, Kazali\u0161te Marina Dr\u017ei\u0107a Dubrovnik, 2023.<\/li>\n\n\n\n<li class=\"has-small-font-size\"><em>Sviraj to ponovno, Sam<\/em> \u2013 kostimografija, HNK Osijek, 2023.<\/li>\n\n\n\n<li class=\"has-small-font-size\"><em>Ljubavni napitak<\/em> \u2013 scenografija, HNK Osijek, 2022.<\/li>\n\n\n\n<li class=\"has-small-font-size\"><em>Tko koga? Zona pansiona<\/em> \u2013 scenografija, Kazali\u0161te Kerempuh Zagreb, 2022. \u2022 <em>Djevoj\u010dica sa \u0161ibicama<\/em> \u2013 scenografija, Kazali\u0161te \u017dar ptica Zagreb, 2022.<\/li>\n\n\n\n<li class=\"has-small-font-size\"><em>San ljetne no\u0107i<\/em> \u2013 dizajn maske i kostima, HNK Osijek, 2021.<\/li>\n<\/ul>\n<\/div>\n\n\n\n<div class=\"wp-block-column is-layout-flow wp-block-column-is-layout-flow\">\n<ul class=\"wp-block-list has-small-font-size\">\n<li><em>Doktor Svelje\u010di\u0107<\/em> \u2013 scenografija i dizajn lutaka, Gradsko kazali\u0161te Sisak, 2020.<\/li>\n\n\n\n<li><em>Marija Stuart<\/em> \u2013 kostimografija, HNK Osijek, 2019.<\/li>\n\n\n\n<li><em>Junaci Pavlove ulice<\/em> \u2013 dizajn lutaka i scenografije, Lutkarsko kazali\u0161te Mostar, 2019.<\/li>\n\n\n\n<li><em>Ki\u0161a<\/em> \u2013 dizajn lutaka i scenografije, Gradsko kazali\u0161te lutaka Rijeka, 2019.<\/li>\n\n\n\n<li><em>Ru\u010dak za \u0161estero<\/em> \u2013 dizajn lutaka i scenografije, Gllugl \/ Pinklec, 2018.<\/li>\n\n\n\n<li><em>Bo\u017ei\u0107na pri\u010da ili kako je sve po\u010delo<\/em> \u2013 dizajn lutaka, Gllugl Vara\u017edin, 2017.<\/li>\n\n\n\n<li><em>Ru\u017eno ma\u010de<\/em> \u2013 lutke i scenografija, Lutkarsko kazali\u0161te Mostar, 2017.<\/li>\n\n\n\n<li><em>Cvilidreta<\/em> \u2013 vizualni koncept i scenografija, Kazali\u0161te Naran\u010da Pula, 2016.<\/li>\n\n\n\n<li><em>Ti lovi\u0161!<\/em> \u2013 scenski dizajn i lutke, Hrvatski dom Vukovar, 2015.<\/li>\n\n\n\n<li><em>Gianni Schicchi<\/em> \u2013 kostimografija i scenografija, Akademija za umjetnost u Osijeku \/ InterVox, 2013.<\/li>\n\n\n\n<li><em>Osveta <\/em>\u2013 kostimografija i scenografija, Gradsko kazali\u0161te Po\u017eega, 2012.<\/li>\n\n\n\n<li><em>Trenk kabaret<\/em> \u2013 kostimografija i scenografija, Gradsko kazali\u0161te Po\u017eega, 2012.<\/li>\n\n\n\n<li><em>Vodeni snovi<\/em> \u2013 umjetni\u010dki koncept, kostimi, maske i dizajn rasvjete, Akademija za umjetnost u Osijeku, 2010.<\/li>\n<\/ul>\n<\/div>\n<\/div>\n<\/div>\n<\/div>\n<\/div>\n","protected":false},"excerpt":{"rendered":"<p>\u2022 Europska umjetnica, kostimografkinja, dizajnerica maske i \u0161minke, interdisciplinarna vizualna umjetnica i spisateljica\u2022 Doktorica umjetosti \u2013 kultura, umjetnost i knji\u017eevnost u europskom kontekstu (specijalizacija: kostim i dizajn maske), Sveu\u010dili\u0161te Josipa Jurja Strossmayera u Osijeku\u2022 Magistra likovne umjetnosti (smjer slikarstvo), Akademija za umjetnost i kulturu u Osijeku\u2022 Zaposlena na Akademiji za umjetnost i kulturu u Osijeku, [&hellip;]<\/p>\n","protected":false},"author":1,"featured_media":0,"parent":0,"menu_order":0,"comment_status":"closed","ping_status":"closed","template":"default-for-bio-2","meta":{"_uag_custom_page_level_css":"","footnotes":""},"class_list":["post-418","page","type-page","status-publish","hentry"],"aioseo_notices":[],"_hostinger_reach_plugin_has_subscription_block":false,"_hostinger_reach_plugin_is_elementor":false,"uagb_featured_image_src":{"full":false,"thumbnail":false,"medium":false,"medium_large":false,"large":false,"1536x1536":false,"2048x2048":false},"uagb_author_info":{"display_name":"ivanazivkovic444@gmail.com","author_link":"https:\/\/kaanatelier.com\/hr\/author\/ivanazivkovic444gmail-com\/"},"uagb_comment_info":0,"uagb_excerpt":"\u2022 Europska umjetnica, kostimografkinja, dizajnerica maske i \u0161minke, interdisciplinarna vizualna umjetnica i spisateljica\u2022 Doktorica umjetosti \u2013 kultura, umjetnost i knji\u017eevnost u europskom kontekstu (specijalizacija: kostim i dizajn maske), Sveu\u010dili\u0161te Josipa Jurja Strossmayera u Osijeku\u2022 Magistra likovne umjetnosti (smjer slikarstvo), Akademija za umjetnost i kulturu u Osijeku\u2022 Zaposlena na Akademiji za umjetnost i kulturu u Osijeku,&hellip;","_links":{"self":[{"href":"https:\/\/kaanatelier.com\/hr\/wp-json\/wp\/v2\/pages\/418","targetHints":{"allow":["GET"]}}],"collection":[{"href":"https:\/\/kaanatelier.com\/hr\/wp-json\/wp\/v2\/pages"}],"about":[{"href":"https:\/\/kaanatelier.com\/hr\/wp-json\/wp\/v2\/types\/page"}],"author":[{"embeddable":true,"href":"https:\/\/kaanatelier.com\/hr\/wp-json\/wp\/v2\/users\/1"}],"replies":[{"embeddable":true,"href":"https:\/\/kaanatelier.com\/hr\/wp-json\/wp\/v2\/comments?post=418"}],"version-history":[{"count":24,"href":"https:\/\/kaanatelier.com\/hr\/wp-json\/wp\/v2\/pages\/418\/revisions"}],"predecessor-version":[{"id":776,"href":"https:\/\/kaanatelier.com\/hr\/wp-json\/wp\/v2\/pages\/418\/revisions\/776"}],"wp:attachment":[{"href":"https:\/\/kaanatelier.com\/hr\/wp-json\/wp\/v2\/media?parent=418"}],"curies":[{"name":"wp","href":"https:\/\/api.w.org\/{rel}","templated":true}]}}