{"id":437,"date":"2026-01-20T23:49:51","date_gmt":"2026-01-20T23:49:51","guid":{"rendered":"https:\/\/kaanatelier.com\/hr\/?page_id=437"},"modified":"2026-01-28T21:58:39","modified_gmt":"2026-01-28T21:58:39","slug":"sheron-pimpi-steiner","status":"publish","type":"page","link":"https:\/\/kaanatelier.com\/hr\/sheron-pimpi-steiner\/","title":{"rendered":"Sheron Pimpi-Steiner"},"content":{"rendered":"\n<div class=\"wp-block-group alignwide has-global-padding is-layout-constrained wp-block-group-is-layout-constrained\">\n<div class=\"wp-block-group alignwide has-global-padding is-layout-constrained wp-block-group-is-layout-constrained\">\n<div class=\"wp-block-columns alignwide is-layout-flex wp-container-core-columns-is-layout-28f84493 wp-block-columns-is-layout-flex\">\n<div class=\"wp-block-column is-layout-flow wp-block-column-is-layout-flow\" style=\"flex-basis:33.33%\">\n<figure class=\"wp-block-image size-large\"><img loading=\"lazy\" decoding=\"async\" width=\"807\" height=\"1024\" src=\"https:\/\/kaanatelier.com\/wp-content\/uploads\/2026\/01\/WhatsApp-Image-2025-10-25-at-22.34.58_19f5951b-807x1024.jpg\" alt=\"\" class=\"wp-image-384\" srcset=\"https:\/\/kaanatelier.com\/wp-content\/uploads\/2026\/01\/WhatsApp-Image-2025-10-25-at-22.34.58_19f5951b-807x1024.jpg 807w, https:\/\/kaanatelier.com\/wp-content\/uploads\/2026\/01\/WhatsApp-Image-2025-10-25-at-22.34.58_19f5951b-236x300.jpg 236w, https:\/\/kaanatelier.com\/wp-content\/uploads\/2026\/01\/WhatsApp-Image-2025-10-25-at-22.34.58_19f5951b-768x975.jpg 768w, https:\/\/kaanatelier.com\/wp-content\/uploads\/2026\/01\/WhatsApp-Image-2025-10-25-at-22.34.58_19f5951b-1210x1536.jpg 1210w, https:\/\/kaanatelier.com\/wp-content\/uploads\/2026\/01\/WhatsApp-Image-2025-10-25-at-22.34.58_19f5951b.jpg 1260w\" sizes=\"auto, (max-width: 807px) 100vw, 807px\" \/><\/figure>\n<\/div>\n\n\n\n<div class=\"wp-block-column is-layout-flow wp-block-column-is-layout-flow\" style=\"flex-basis:66.66%\"><h2 class=\"wp-block-post-title\">Sheron Pimpi-Steiner<\/h2>\n\n\n<p>\u2022 Europska umjetnica, <strong>scenografkinja i interdisciplinarna vizualna umjetnica<\/strong><br>\u2022 <strong>Doktorica umjetnosti<\/strong> \u2013 kultura, umjetnost i knji\u017eevnost u europskom kontekstu (specijalizacija: <strong>scenografija<\/strong>), Sveu\u010dili\u0161te Josipa Jurja Strossmayera u Osijeku<br>\u2022 <strong>Magistra likovne umjetnosti<\/strong> (smjer grafika), Akademija za umjetnost u Osijeku<br>\u2022 <strong>Zaposlena na Akademiji za umjetnost i kulturu u Osijeku<\/strong>, Odsjek za kreativne tehnologije<\/p>\n\n\n\n<hr class=\"wp-block-separator has-alpha-channel-opacity is-style-wide\" style=\"margin-top:var(--wp--preset--spacing--10);margin-bottom:var(--wp--preset--spacing--10)\"\/>\n\n\n\n<p>Njezin se umjetni\u010dki rad usredoto\u010duje na scenografiju, dizajn rasvjete i vizualnu kompoziciju u okviru \u017eivih i multimedijskih izvedbi. Istra\u017euje odnos prostora, materijala i atmosfere, povezuju\u0107i na\u010dela likovne umjetnosti sa suvremenim pristupima izvedbenim umjetnostima.<\/p>\n\n\n\n<p>Sura\u0111uje s kazali\u0161tima i kulturnim institucijama u Hrvatskoj i inozemstvu, stvaraju\u0107i scenske prostore, vizualne koncepte i tehnologije lutkarstva koje povezuju vizualnu umjetnost i narativni izraz.<\/p>\n\n\n\n<p>U produkciji nastavlja razvijati interdisciplinarne umjetni\u010dke i istra\u017eiva\u010dke projekte. \u010clanica je Hrvatskog dru\u0161tva likovnih umjetnika (HDLU Osijek). Osim likovnosti, u umjetni\u010dkim podru\u010djima bavila se i glazbom vi\u0161e od 12 godina. Ima dugogodi\u0161nje pjeva\u010dko iskustvo u Vokalnom ansamblu <em>Brevis<\/em>.<\/p>\n<\/div>\n<\/div>\n\n\n\n<hr class=\"wp-block-separator has-alpha-channel-opacity is-style-wide\" style=\"margin-top:var(--wp--preset--spacing--10);margin-bottom:var(--wp--preset--spacing--10)\"\/>\n\n\n\n<div class=\"wp-block-group alignwide has-global-padding is-layout-constrained wp-block-group-is-layout-constrained\">\n<p class=\"has-text-align-center\"><strong>Odabrani projekti<\/strong><\/p>\n\n\n\n<div class=\"wp-block-columns alignwide is-layout-flex wp-container-core-columns-is-layout-28f84493 wp-block-columns-is-layout-flex\">\n<div class=\"wp-block-column is-layout-flow wp-block-column-is-layout-flow\">\n<ul class=\"wp-block-list has-small-font-size\">\n<li class=\"has-small-font-size\">Z<em>ov divljine<\/em> \u2013 scenografija, HNK Mostar, Bosna i Hercegovina, 2025.<\/li>\n\n\n\n<li><em>Prvi kralj,<\/em> scenografija, Akademija za umjetnost i kulturu u Osijeku, 2025.<\/li>\n\n\n\n<li><em>Ivica i Marica<\/em> \u2013 scenografija i dizajn rasvjete, Lutkarsko kazali\u0161te Ni\u0161, 2025.<\/li>\n\n\n\n<li><em>Cvilidreta<\/em> \u2013 scenografija, Kazali\u0161te Marina Dr\u017ei\u0107a Dubrovnik, 2024.<\/li>\n\n\n\n<li>Cirkus. Doslovno, Umjetni\u010dka organizacija Susret i Luika teatar, 2024. \u2022 Slu\u010daj Vidra: Dundo Maroje \u2013 kostimografija, Umjetni\u010dka organizacija Susret, 2024.<\/li>\n\n\n\n<li><em>\u0160krtac<\/em> \u2013 scenografija, Narodno kazali\u0161te Tuzla, 2023.<\/li>\n\n\n\n<li><em>Dje\u010dak<\/em> \u2013 scenografija, Kazali\u0161te Marina Dr\u017ei\u0107a Dubrovnik, 2023.<\/li>\n\n\n\n<li><em>Sviraj to ponovno, Sam<\/em> \u2013 scenografija, HNK Osijek, 2023.<\/li>\n\n\n\n<li><em>Novogodi\u0161nji koncert<\/em> \u2013 scenografija, HNK Osijek, 2022. i 2021.<\/li>\n\n\n\n<li><em>Tko koga? Zona pansiona<\/em> \u2013 scenografija, Kazali\u0161te Kerempuh Zagreb, 2022.<\/li>\n\n\n\n<li><em>Ljubavni napitak<\/em> \u2013 scenografija, HNK Osijek, 2022.<\/li>\n\n\n\n<li><em>Djevoj\u010dica sa \u0161ibicama<\/em> \u2013 scenografija, Kazali\u0161te \u017dar ptica Zagreb, 2022.<\/li>\n\n\n\n<li><em>San ljetne no\u0107i<\/em> \u2013 scenografija, HNK Osijek, 2021.<\/li>\n\n\n\n<li><em>Doktor Svelje\u010di\u0107<\/em> \u2013 scenografija i lutke, Gradsko kazali\u0161te Sisak, 2020.<\/li>\n\n\n\n<li><em>Marija Stuart<\/em> \u2013 scenografija, HNK Osijek, 2019.<\/li>\n\n\n\n<li><em>Junaci Pavlove ulice<\/em> \u2013 scenografija i dizajn lutaka, Lutkarsko kazali\u0161te Mostar, 2019.<\/li>\n<\/ul>\n<\/div>\n\n\n\n<div class=\"wp-block-column is-layout-flow wp-block-column-is-layout-flow\">\n<p class=\"has-small-font-size\">\u2022 <em>Ki\u0161a<\/em> \u2013 lutke i scenografija, Gradsko kazali\u0161te lutaka Rijeka, 2019.<br>\u2022 <em>Ru\u010dak za \u0161estero<\/em> \u2013 lutke i scenografija, Gllugl \/ Pinklec, 2018.<br>\u2022 <em>Bo\u017ei\u0107na pri\u010da ili kako je sve po\u010delo<\/em> \u2013 lutke, Gllugl Vara\u017edin, 2017.<br>\u2022 <em>Tko si ti<\/em> \u2013 lutke, Akademija za umjetnost u Osijeku, 2017.<br>\u2022 <em>Ru\u017eno pa\u010de<\/em> \u2013 scenografija, Dje\u010dje kazali\u0161te Osijek \/ Vinkovci, 2017.<br>\u2022 <em>Dindim o nje\u017enosti<\/em> \u2013 lutke, Gllugl Vara\u017edin, 2017.<br>\u2022 <em>Ru\u017eno ma\u010de<\/em> \u2013 dizajn i scenografija, Lutkarsko kazali\u0161te Mostar, 2017.<br>\u2022 <em>Putovanje u sredi\u0161te sebe<\/em> \u2013 lutke i scenografija, Akademija za umjetnost u Osijeku, 2016.<br>\u2022 <em>Cvildreta<\/em> \u2013 vizualni i scenski dizajn, Kazali\u0161te Naran\u010da Pula, 2016.<br>\u2022 <em>Ti lovi\u0161!<\/em> \u2013 scenski dizajn i lutke, Hrvatski dom Vukovar, 2015.<br>\u2022 <em>Osveta<\/em> \u2013 kostimografija i scenografija, Gradsko kazali\u0161te Po\u017eega, 2012.<br>\u2022 <em>Trenk kabaret<\/em> \u2013 kostimografija i scenografija, Gradsko kazali\u0161te Po\u017eega, 2012.<br>\u2022 <em>Vodeni snovi<\/em> \u2013 umjetni\u010dki koncept, kostimi, maske, rekviziti, scena i rasvjeta, Akademija za umjetnost u Osijeku, 2010.<\/p>\n<\/div>\n<\/div>\n<\/div>\n<\/div>\n<\/div>\n\n\n\n<p><\/p>\n","protected":false},"excerpt":{"rendered":"<p>\u2022 Europska umjetnica, scenografkinja i interdisciplinarna vizualna umjetnica\u2022 Doktorica umjetnosti \u2013 kultura, umjetnost i knji\u017eevnost u europskom kontekstu (specijalizacija: scenografija), Sveu\u010dili\u0161te Josipa Jurja Strossmayera u Osijeku\u2022 Magistra likovne umjetnosti (smjer grafika), Akademija za umjetnost u Osijeku\u2022 Zaposlena na Akademiji za umjetnost i kulturu u Osijeku, Odsjek za kreativne tehnologije Njezin se umjetni\u010dki rad usredoto\u010duje na [&hellip;]<\/p>\n","protected":false},"author":1,"featured_media":0,"parent":0,"menu_order":0,"comment_status":"closed","ping_status":"closed","template":"default-for-bio-2","meta":{"_uag_custom_page_level_css":"","footnotes":""},"class_list":["post-437","page","type-page","status-publish","hentry"],"aioseo_notices":[],"_hostinger_reach_plugin_has_subscription_block":false,"_hostinger_reach_plugin_is_elementor":false,"uagb_featured_image_src":{"full":false,"thumbnail":false,"medium":false,"medium_large":false,"large":false,"1536x1536":false,"2048x2048":false},"uagb_author_info":{"display_name":"ivanazivkovic444@gmail.com","author_link":"https:\/\/kaanatelier.com\/hr\/author\/ivanazivkovic444gmail-com\/"},"uagb_comment_info":0,"uagb_excerpt":"\u2022 Europska umjetnica, scenografkinja i interdisciplinarna vizualna umjetnica\u2022 Doktorica umjetnosti \u2013 kultura, umjetnost i knji\u017eevnost u europskom kontekstu (specijalizacija: scenografija), Sveu\u010dili\u0161te Josipa Jurja Strossmayera u Osijeku\u2022 Magistra likovne umjetnosti (smjer grafika), Akademija za umjetnost u Osijeku\u2022 Zaposlena na Akademiji za umjetnost i kulturu u Osijeku, Odsjek za kreativne tehnologije Njezin se umjetni\u010dki rad usredoto\u010duje na&hellip;","_links":{"self":[{"href":"https:\/\/kaanatelier.com\/hr\/wp-json\/wp\/v2\/pages\/437","targetHints":{"allow":["GET"]}}],"collection":[{"href":"https:\/\/kaanatelier.com\/hr\/wp-json\/wp\/v2\/pages"}],"about":[{"href":"https:\/\/kaanatelier.com\/hr\/wp-json\/wp\/v2\/types\/page"}],"author":[{"embeddable":true,"href":"https:\/\/kaanatelier.com\/hr\/wp-json\/wp\/v2\/users\/1"}],"replies":[{"embeddable":true,"href":"https:\/\/kaanatelier.com\/hr\/wp-json\/wp\/v2\/comments?post=437"}],"version-history":[{"count":21,"href":"https:\/\/kaanatelier.com\/hr\/wp-json\/wp\/v2\/pages\/437\/revisions"}],"predecessor-version":[{"id":799,"href":"https:\/\/kaanatelier.com\/hr\/wp-json\/wp\/v2\/pages\/437\/revisions\/799"}],"wp:attachment":[{"href":"https:\/\/kaanatelier.com\/hr\/wp-json\/wp\/v2\/media?parent=437"}],"curies":[{"name":"wp","href":"https:\/\/api.w.org\/{rel}","templated":true}]}}