{"id":445,"date":"2026-01-21T11:18:59","date_gmt":"2026-01-21T11:18:59","guid":{"rendered":"https:\/\/kaanatelier.com\/hr\/?page_id=445"},"modified":"2026-01-28T21:47:37","modified_gmt":"2026-01-28T21:47:37","slug":"marijan-josipovic","status":"publish","type":"page","link":"https:\/\/kaanatelier.com\/hr\/marijan-josipovic\/","title":{"rendered":"Marijan Josipovi\u0107"},"content":{"rendered":"\n<div class=\"wp-block-group alignwide has-global-padding is-layout-constrained wp-block-group-is-layout-constrained\">\n<div class=\"wp-block-group alignwide has-global-padding is-layout-constrained wp-block-group-is-layout-constrained\">\n<div class=\"wp-block-columns alignwide is-layout-flex wp-container-core-columns-is-layout-28f84493 wp-block-columns-is-layout-flex\">\n<div class=\"wp-block-column is-layout-flow wp-block-column-is-layout-flow\" style=\"flex-basis:33.33%\">\n<figure class=\"wp-block-image size-large\"><img loading=\"lazy\" decoding=\"async\" width=\"683\" height=\"1024\" src=\"https:\/\/kaanatelier.com\/wp-content\/uploads\/2026\/01\/Marijan-web-fotka--683x1024.jpg\" alt=\"\" class=\"wp-image-385\" style=\"aspect-ratio:3\/4;object-fit:cover\" srcset=\"https:\/\/kaanatelier.com\/wp-content\/uploads\/2026\/01\/Marijan-web-fotka--683x1024.jpg 683w, https:\/\/kaanatelier.com\/wp-content\/uploads\/2026\/01\/Marijan-web-fotka--200x300.jpg 200w, https:\/\/kaanatelier.com\/wp-content\/uploads\/2026\/01\/Marijan-web-fotka--768x1152.jpg 768w, https:\/\/kaanatelier.com\/wp-content\/uploads\/2026\/01\/Marijan-web-fotka-.jpg 911w\" sizes=\"auto, (max-width: 683px) 100vw, 683px\" \/><\/figure>\n<\/div>\n\n\n\n<div class=\"wp-block-column is-layout-flow wp-block-column-is-layout-flow\" style=\"flex-basis:66.66%\"><h2 class=\"wp-block-post-title\">Marijan Josipovi\u0107<\/h2>\n\n\n<p>\u2022 Europski umjetnik, <strong>redatelj, glumac, lutkar i producent<\/strong><br>\u2022 <strong>Doktorand iz podru\u010dja kulture i umjetnosti<\/strong>, (disertacija \u2013 <strong>re\u017eija<\/strong>) Sveu\u010dili\u0161te Josipa Jurja Strossmayera u Osijeku (od 2023.)<br>\u2022 <strong>Magistar glume i lutkarstva<\/strong>, Akademija za umjetnost i kulturu u Osijeku<br>\u2022 <strong>Zaposlen na Akademiji za umjetnost i kulturu u Osijeku<\/strong>, Odsjek za kazali\u0161ne umjetnosti<br>\u2022 Suosniva\u010d <strong><a href=\"https:\/\/susretkd.hr\/\" title=\"\">Kazali\u0161nog kolektiva Susret<\/a><\/strong><\/p>\n\n\n\n<hr class=\"wp-block-separator has-alpha-channel-opacity is-style-wide\"\/>\n\n\n\n<p>Njegov umjetni\u010dki rad objedinjuje re\u017eiju, dramaturgiju, glumu, lutkarstvo i dizajn rasvjete u prepoznatljivom vizualnom i tjelesnom izrazu. <br>Kroz eksperimentalne i performativne pristupe istra\u017euje odnos pokreta, slike i narativa u kazali\u0161tu i filmu. Re\u017eiju povezuje s interdisciplinarnim stvarala\u0161tvom, stapaju\u0107i izvedbu, vizualnu kompoziciju i atmosferu.<\/p>\n<\/div>\n<\/div>\n\n\n\n<hr class=\"wp-block-separator has-alpha-channel-opacity is-style-wide\" style=\"margin-top:var(--wp--preset--spacing--10);margin-bottom:var(--wp--preset--spacing--10)\"\/>\n\n\n\n<div class=\"wp-block-group alignwide has-global-padding is-layout-constrained wp-block-group-is-layout-constrained\">\n<div class=\"wp-block-columns alignwide is-layout-flex wp-container-core-columns-is-layout-28f84493 wp-block-columns-is-layout-flex\">\n<div class=\"wp-block-column is-layout-flow wp-block-column-is-layout-flow\">\n<p><strong>Odabrani projekti<\/strong><\/p>\n\n\n\n<ul class=\"wp-block-list has-small-font-size\">\n<li class=\"has-small-font-size\">\u010caruga \u2013 uloga: Adam, CNT P\u00e9cs, Ma\u0111arska, 2025.<\/li>\n\n\n\n<li>Prvi kralj \u2013 redatelj, Akademija za umjetnost i kulturu u Osijeku, 2025.<\/li>\n\n\n\n<li>Sanjar(i) Hrvatske \u2013 uloga: Isidor Kr\u0161njavi, Hrvatska radiotelevizija (HRT), Kino Urania Osijek, 2025.<\/li>\n\n\n\n<li>Cirkus. Doslovno. \u2013 uloga: Bo\u017eo, producent, Umjetni\u010dka organizacija Susret i Luika teatar, 2025.<\/li>\n\n\n\n<li>Dioniz \u2013 izvr\u0161ni producent, Me\u0111unarodni festival Kazali\u0161ne akademije, \u0110akovo, 2023.\u20132025.<\/li>\n\n\n\n<li>Proscenij festival \u2013 producent, Umjetni\u010dka organizacija Susret \/ Luika \/ Malo Drama \/ Teatar 2go \/ Kino Klub Osijek, 2025.<\/li>\n\n\n\n<li>Metamorfoze ditiramba \u2013 redatelj, Centar za kulturu \u0110akovo, 2025.<\/li>\n\n\n\n<li>Zec i potok \u2013 dramaturg i pomo\u0107nik redatelja, Gradsko kazali\u0161te Rijeka, 2024.<\/li>\n\n\n\n<li>Slu\u010daj Vidra: Dundo Maroje \u2013 redatelj, Umjetni\u010dka organizacija Susret, Osijek, 2024.<\/li>\n\n\n\n<li>Instant \u2013 dizajn rasvjete, Osje\u010dko ljeto kulture, 2024.<\/li>\n\n\n\n<li>Radni naslov: Utopija \u2013 redatelj, FAKI Festival, Zagreb, 2024.<\/li>\n\n\n\n<li>Iznimno dramati\u010dna drama \u2013 redatelj, Kazali\u0161ni kolektiv Susret, Kazali\u0161te KNAP, Zagreb, 2024.<\/li>\n\n\n\n<li>Na\u0161 testament: Neka bude svjetlo \u2013 redatelj (film), UNIMA International \/ Rijeka \/ Mostar \/ Kragujevac, 2024.<\/li>\n\n\n\n<li>Otvorenje FLUM festivala \u2013 dizajn rasvjete i video mapping, Mostar.<\/li>\n\n\n\n<li class=\"has-small-font-size\">Glasine \u2013 uloga: policajac Mile, Kazali\u0161te P\u00e9cs, Ma\u0111arska, 2023.<\/li>\n<\/ul>\n<\/div>\n\n\n\n<div class=\"wp-block-column is-layout-flow wp-block-column-is-layout-flow\">\n<ul class=\"wp-block-list has-small-font-size\">\n<li class=\"has-small-font-size\"><em>Vesela udovica<\/em> \u2013 uloga: Bogadnovi\u0107, Hrvatsko narodno kazali\u0161te, 2022.<\/li>\n\n\n\n<li class=\"has-small-font-size\"><em>Ljubavni napitak<\/em> \u2013 uloga: vojnik, Hrvatsko narodno kazali\u0161te Osijek, 2022.<\/li>\n\n\n\n<li class=\"has-small-font-size\"><em>Kako je Temnava dobila svoj dan<\/em> \u2013 dizajn svjetlosnih efekata, Dje\u010dje kazali\u0161te Osijek, 2021.<\/li>\n\n\n\n<li class=\"has-small-font-size\"><em>Metaverzum<\/em> \u2013 dizajn rasvjete, Kulturni centar Osijek, 2021.<\/li>\n\n\n\n<li class=\"has-small-font-size\"><em>Ti si to!<\/em> \u2013 uloga: Zec, Hrvatski dom Vukovar, 2021.<\/li>\n\n\n\n<li class=\"has-small-font-size\"><em>Igra ljubavi i slu\u010daja<\/em> \u2013 uloga: Bourgignon, Gradsko kazali\u0161te Po\u017eega, 2020.<\/li>\n\n\n\n<li class=\"has-small-font-size\"><em>Zimske pri\u010de<\/em> \u2013 redatelj, Kulturni centar Osijek, 2020.<\/li>\n\n\n\n<li class=\"has-small-font-size\"><em>Susret<\/em> \u2013 uloga: glumac, Osje\u010dko ljeto kulture, 2020.<\/li>\n\n\n\n<li class=\"has-small-font-size\"><em>Marija Stuart<\/em> \u2013 uloga: dvorska luda, Hrvatsko narodno kazali\u0161te Osijek.<\/li>\n\n\n\n<li class=\"has-small-font-size\"><em>Mali rakun<\/em> \u2013 dramaturg, Lutkarsko kazali\u0161te Split, 2019.<\/li>\n\n\n\n<li class=\"has-small-font-size\"><em>Ki\u0161a<\/em> \u2013 pomo\u0107nik redatelja, Gradsko kazali\u0161te lutaka Rijeka, 2019.<\/li>\n\n\n\n<li class=\"has-small-font-size\"><em>Crvenkapica<\/em> \u2013 uloga: Vuk, Gradsko kazali\u0161te Joza Ivaki\u0107, Vinkovci, 2018.<\/li>\n\n\n\n<li class=\"has-small-font-size\"><em>Kalisto i Melibea<\/em> \u2013 uloga: sluga, radio-drama, Hrvatska radiotelevizija (HRT), Zagreb, 2018.<\/li>\n\n\n\n<li class=\"has-small-font-size\"><em>Djeca revolucije<\/em> \u2013 uloga: vojnik, Teatr \u00d3smego Dnia, Pozna\u0144, Poljska, 2017.<\/li>\n\n\n\n<li class=\"has-small-font-size\"><em>Trenutak<\/em> \u2013 redatelj, ReArt Festival, Osijek, 2017.<\/li>\n\n\n\n<li class=\"has-small-font-size\"><em>Macbeth<\/em> \u2013 uloga: Macbeth, Kazali\u0161te Joza Ivaki\u0107, Vinkovci, 2017.<\/li>\n\n\n\n<li class=\"has-small-font-size\"><em>Summit 2.0<\/em> \u2013 uloga: Papa, Teatr \u00d3smego Dnia, Pozna\u0144, Poljska.<\/li>\n\n\n\n<li class=\"has-small-font-size\"><em>Crveno i crno<\/em> \u2013 uloga: glumac, Osje\u010dko ljeto kulture, 2017.<\/li>\n\n\n\n<li class=\"has-small-font-size\"><em>U carstvu Zmajevog hrama<\/em> \u2013 redatelj i dramaturg, lutkarsko-video projekt Bad Mushrooms, 2016.<\/li>\n\n\n\n<li class=\"has-small-font-size\"><em>Princ Eugen<\/em> \u2013 uloga: glumac, Osje\u010dko ljeto kulture, 2016.<\/li>\n<\/ul>\n<\/div>\n<\/div>\n<\/div>\n<\/div>\n<\/div>\n\n\n\n<p><\/p>\n","protected":false},"excerpt":{"rendered":"<p>\u2022 Europski umjetnik, redatelj, glumac, lutkar i producent\u2022 Doktorand iz podru\u010dja kulture i umjetnosti, (disertacija \u2013 re\u017eija) Sveu\u010dili\u0161te Josipa Jurja Strossmayera u Osijeku (od 2023.)\u2022 Magistar glume i lutkarstva, Akademija za umjetnost i kulturu u Osijeku\u2022 Zaposlen na Akademiji za umjetnost i kulturu u Osijeku, Odsjek za kazali\u0161ne umjetnosti\u2022 Suosniva\u010d Kazali\u0161nog kolektiva Susret Njegov umjetni\u010dki [&hellip;]<\/p>\n","protected":false},"author":1,"featured_media":0,"parent":0,"menu_order":0,"comment_status":"closed","ping_status":"closed","template":"default-for-bio-2","meta":{"_uag_custom_page_level_css":"","footnotes":""},"class_list":["post-445","page","type-page","status-publish","hentry"],"aioseo_notices":[],"_hostinger_reach_plugin_has_subscription_block":false,"_hostinger_reach_plugin_is_elementor":false,"uagb_featured_image_src":{"full":false,"thumbnail":false,"medium":false,"medium_large":false,"large":false,"1536x1536":false,"2048x2048":false},"uagb_author_info":{"display_name":"ivanazivkovic444@gmail.com","author_link":"https:\/\/kaanatelier.com\/hr\/author\/ivanazivkovic444gmail-com\/"},"uagb_comment_info":0,"uagb_excerpt":"\u2022 Europski umjetnik, redatelj, glumac, lutkar i producent\u2022 Doktorand iz podru\u010dja kulture i umjetnosti, (disertacija \u2013 re\u017eija) Sveu\u010dili\u0161te Josipa Jurja Strossmayera u Osijeku (od 2023.)\u2022 Magistar glume i lutkarstva, Akademija za umjetnost i kulturu u Osijeku\u2022 Zaposlen na Akademiji za umjetnost i kulturu u Osijeku, Odsjek za kazali\u0161ne umjetnosti\u2022 Suosniva\u010d Kazali\u0161nog kolektiva Susret Njegov umjetni\u010dki&hellip;","_links":{"self":[{"href":"https:\/\/kaanatelier.com\/hr\/wp-json\/wp\/v2\/pages\/445","targetHints":{"allow":["GET"]}}],"collection":[{"href":"https:\/\/kaanatelier.com\/hr\/wp-json\/wp\/v2\/pages"}],"about":[{"href":"https:\/\/kaanatelier.com\/hr\/wp-json\/wp\/v2\/types\/page"}],"author":[{"embeddable":true,"href":"https:\/\/kaanatelier.com\/hr\/wp-json\/wp\/v2\/users\/1"}],"replies":[{"embeddable":true,"href":"https:\/\/kaanatelier.com\/hr\/wp-json\/wp\/v2\/comments?post=445"}],"version-history":[{"count":21,"href":"https:\/\/kaanatelier.com\/hr\/wp-json\/wp\/v2\/pages\/445\/revisions"}],"predecessor-version":[{"id":791,"href":"https:\/\/kaanatelier.com\/hr\/wp-json\/wp\/v2\/pages\/445\/revisions\/791"}],"wp:attachment":[{"href":"https:\/\/kaanatelier.com\/hr\/wp-json\/wp\/v2\/media?parent=445"}],"curies":[{"name":"wp","href":"https:\/\/api.w.org\/{rel}","templated":true}]}}