{"id":451,"date":"2026-01-21T18:48:50","date_gmt":"2026-01-21T18:48:50","guid":{"rendered":"https:\/\/kaanatelier.com\/hr\/?page_id=451"},"modified":"2026-01-28T21:51:07","modified_gmt":"2026-01-28T21:51:07","slug":"nikolina-odobasic","status":"publish","type":"page","link":"https:\/\/kaanatelier.com\/hr\/nikolina-odobasic\/","title":{"rendered":"Nikolina Odoba\u0161i\u0107"},"content":{"rendered":"\n<div class=\"wp-block-group alignwide has-global-padding is-layout-constrained wp-block-group-is-layout-constrained\">\n<div class=\"wp-block-group alignwide has-global-padding is-layout-constrained wp-block-group-is-layout-constrained\">\n<div class=\"wp-block-columns alignwide is-layout-flex wp-container-core-columns-is-layout-28f84493 wp-block-columns-is-layout-flex\">\n<div class=\"wp-block-column is-layout-flow wp-block-column-is-layout-flow\" style=\"flex-basis:33.33%\">\n<figure class=\"wp-block-image size-large\"><img loading=\"lazy\" decoding=\"async\" width=\"683\" height=\"1024\" src=\"https:\/\/kaanatelier.com\/wp-content\/uploads\/2026\/01\/Nina-web-fotka--683x1024.jpg\" alt=\"\" class=\"wp-image-389\" style=\"aspect-ratio:3\/4;object-fit:cover\" srcset=\"https:\/\/kaanatelier.com\/wp-content\/uploads\/2026\/01\/Nina-web-fotka--683x1024.jpg 683w, https:\/\/kaanatelier.com\/wp-content\/uploads\/2026\/01\/Nina-web-fotka--200x300.jpg 200w, https:\/\/kaanatelier.com\/wp-content\/uploads\/2026\/01\/Nina-web-fotka--768x1152.jpg 768w, https:\/\/kaanatelier.com\/wp-content\/uploads\/2026\/01\/Nina-web-fotka-.jpg 911w\" sizes=\"auto, (max-width: 683px) 100vw, 683px\" \/><\/figure>\n<\/div>\n\n\n\n<div class=\"wp-block-column is-layout-flow wp-block-column-is-layout-flow\" style=\"flex-basis:66.66%\"><h2 class=\"wp-block-post-title\">Nikolina Odoba\u0161i\u0107<\/h2>\n\n\n<p>\u2022 Europska umjetnica, performerica, koreografkinja i monta\u017eerka \/ script editorica<br>\u2022 <strong>Magistra neverbalnog kazali\u0161ta<\/strong>, Akademija za umjetnost i kulturu u Osijeku<br>\u2022 <strong>Magistra hrvatskog i engleskog jezika i knji\u017eevnosti<\/strong>, Filozofski fakultet u Osijeku<br>\u2022 Suosniva\u010dica <a href=\"https:\/\/susretkd.hr\/\" title=\"\"><strong>Kazali\u0161nog kolektiva Susret<\/strong><\/a><\/p>\n\n\n\n<hr class=\"wp-block-separator has-alpha-channel-opacity is-style-wide\"\/>\n\n\n\n<p>Njezina umjetni\u010dka praksa objedinjuje elemente vizualnog, tjelesnog i lutkarskog kazali\u0161ta, istra\u017euju\u0107i atmosferu i emociju kroz pokret, ritam i osjetilnu percepciju. <br><br>Razvija koreografije i site-specific koncepte koji spajaju tijelo, prostor i vizualnu kompoziciju, s naglaskom na poetske i atmosferske dimenzije izvedbe.<br><br>Aktivna u nezavisnim produkcijama i festivalima diljem Hrvatske i regije, kroz suradni\u010dke i autorske procese integrira tjelesni izraz, performans i vizualno pripovijedanje.<br><br>Tako\u0111er se bavi narativnom strukturom, dijalogom i konstrukcijom scena za kazali\u0161te i film. Uz to, aktivna je u podru\u010dju prevo\u0111enja, ure\u0111ivanja i kreativnog pisanja, doprinose\u0107i umjetni\u010dkim i medijskim projektima kroz knji\u017eevnu i jezi\u010dnu stru\u010dnost.<\/p>\n<\/div>\n<\/div>\n\n\n\n<hr class=\"wp-block-separator has-alpha-channel-opacity is-style-wide\" style=\"margin-top:var(--wp--preset--spacing--10);margin-bottom:var(--wp--preset--spacing--10)\"\/>\n\n\n\n<div class=\"wp-block-group alignwide has-global-padding is-layout-constrained wp-block-group-is-layout-constrained\">\n<p class=\"has-text-align-center\"><strong>Odabrani projekti<\/strong><\/p>\n\n\n\n<div class=\"wp-block-columns alignwide is-layout-flex wp-container-core-columns-is-layout-28f84493 wp-block-columns-is-layout-flex\">\n<div class=\"wp-block-column is-layout-flow wp-block-column-is-layout-flow\">\n<ul class=\"wp-block-list has-small-font-size\">\n<li class=\"has-small-font-size\"><em>Zajedno<\/em> \u2013 autorica, performerica (diplomski uli\u010dni performans, Akademija za umjetnost i kulturu u Osijeku)<\/li>\n\n\n\n<li><em>Metaverzum<\/em> \u2013 koautorica, performerica (Kulturni centar Osijek)<\/li>\n\n\n\n<li><em>Nordijske sage<\/em> \u2013 koautorica, performerica (Kulturni centar Osijek)<\/li>\n\n\n\n<li><em>Zmajevi koji ne lete<\/em> \u2013 performerica<\/li>\n\n\n\n<li><em>Susret<\/em> \u2013 performerica (uli\u010dni kazali\u0161ni projekt, suradnja s Marijanom Josipovi\u0107em)<\/li>\n<\/ul>\n<\/div>\n\n\n\n<div class=\"wp-block-column is-layout-flow wp-block-column-is-layout-flow\">\n<ul class=\"wp-block-list has-small-font-size\">\n<li><em>PUNKT festival 2023.<\/em> \u2013 organizatorica, autorica triptiha performansa<\/li>\n\n\n\n<li><em>Bo\u017ei\u0107ni susreti<\/em> \u2013 organizatorica, kustosica (zajedni\u010dki \/ community festival)<\/li>\n\n\n\n<li><em>Cabaret Cochon Noir<\/em> \u2013 autorica teksta i redateljica (Klub Oxygene, 2024.)<\/li>\n\n\n\n<li class=\"has-small-font-size\"><em>Instant<\/em> \u2013 vizualna animatorica i dizajnerica (plesna predstava Martine Terzi\u0107, 2024.)<\/li>\n\n\n\n<li><em>Slu\u010daj Vidra: Dundo Maroje<\/em> \u2013 performerica (format performans-predavanje, 2024.)<\/li>\n<\/ul>\n<\/div>\n<\/div>\n<\/div>\n<\/div>\n<\/div>\n\n\n\n<p><\/p>\n","protected":false},"excerpt":{"rendered":"<p>\u2022 Europska umjetnica, performerica, koreografkinja i monta\u017eerka \/ script editorica\u2022 Magistra neverbalnog kazali\u0161ta, Akademija za umjetnost i kulturu u Osijeku\u2022 Magistra hrvatskog i engleskog jezika i knji\u017eevnosti, Filozofski fakultet u Osijeku\u2022 Suosniva\u010dica Kazali\u0161nog kolektiva Susret Njezina umjetni\u010dka praksa objedinjuje elemente vizualnog, tjelesnog i lutkarskog kazali\u0161ta, istra\u017euju\u0107i atmosferu i emociju kroz pokret, ritam i osjetilnu percepciju. [&hellip;]<\/p>\n","protected":false},"author":1,"featured_media":0,"parent":0,"menu_order":0,"comment_status":"closed","ping_status":"closed","template":"default-for-bio-2","meta":{"_uag_custom_page_level_css":"","footnotes":""},"class_list":["post-451","page","type-page","status-publish","hentry"],"aioseo_notices":[],"_hostinger_reach_plugin_has_subscription_block":false,"_hostinger_reach_plugin_is_elementor":false,"uagb_featured_image_src":{"full":false,"thumbnail":false,"medium":false,"medium_large":false,"large":false,"1536x1536":false,"2048x2048":false},"uagb_author_info":{"display_name":"ivanazivkovic444@gmail.com","author_link":"https:\/\/kaanatelier.com\/hr\/author\/ivanazivkovic444gmail-com\/"},"uagb_comment_info":0,"uagb_excerpt":"\u2022 Europska umjetnica, performerica, koreografkinja i monta\u017eerka \/ script editorica\u2022 Magistra neverbalnog kazali\u0161ta, Akademija za umjetnost i kulturu u Osijeku\u2022 Magistra hrvatskog i engleskog jezika i knji\u017eevnosti, Filozofski fakultet u Osijeku\u2022 Suosniva\u010dica Kazali\u0161nog kolektiva Susret Njezina umjetni\u010dka praksa objedinjuje elemente vizualnog, tjelesnog i lutkarskog kazali\u0161ta, istra\u017euju\u0107i atmosferu i emociju kroz pokret, ritam i osjetilnu percepciju.&hellip;","_links":{"self":[{"href":"https:\/\/kaanatelier.com\/hr\/wp-json\/wp\/v2\/pages\/451","targetHints":{"allow":["GET"]}}],"collection":[{"href":"https:\/\/kaanatelier.com\/hr\/wp-json\/wp\/v2\/pages"}],"about":[{"href":"https:\/\/kaanatelier.com\/hr\/wp-json\/wp\/v2\/types\/page"}],"author":[{"embeddable":true,"href":"https:\/\/kaanatelier.com\/hr\/wp-json\/wp\/v2\/users\/1"}],"replies":[{"embeddable":true,"href":"https:\/\/kaanatelier.com\/hr\/wp-json\/wp\/v2\/comments?post=451"}],"version-history":[{"count":11,"href":"https:\/\/kaanatelier.com\/hr\/wp-json\/wp\/v2\/pages\/451\/revisions"}],"predecessor-version":[{"id":792,"href":"https:\/\/kaanatelier.com\/hr\/wp-json\/wp\/v2\/pages\/451\/revisions\/792"}],"wp:attachment":[{"href":"https:\/\/kaanatelier.com\/hr\/wp-json\/wp\/v2\/media?parent=451"}],"curies":[{"name":"wp","href":"https:\/\/api.w.org\/{rel}","templated":true}]}}