{"id":458,"date":"2026-01-21T18:59:50","date_gmt":"2026-01-21T18:59:50","guid":{"rendered":"https:\/\/kaanatelier.com\/hr\/?page_id=458"},"modified":"2026-02-03T13:10:34","modified_gmt":"2026-02-03T13:10:34","slug":"dorothea-embresic-steiner","status":"publish","type":"page","link":"https:\/\/kaanatelier.com\/hr\/dorothea-embresic-steiner\/","title":{"rendered":"Dorothea Embre\u0161i\u0107 Steiner"},"content":{"rendered":"\n<div class=\"wp-block-group alignwide has-global-padding is-layout-constrained wp-block-group-is-layout-constrained\">\n<div class=\"wp-block-group alignwide has-global-padding is-layout-constrained wp-block-group-is-layout-constrained\">\n<div class=\"wp-block-columns alignwide is-layout-flex wp-container-core-columns-is-layout-28f84493 wp-block-columns-is-layout-flex\">\n<div class=\"wp-block-column is-layout-flow wp-block-column-is-layout-flow\" style=\"flex-basis:33.33%\">\n<figure class=\"wp-block-image size-large\"><img loading=\"lazy\" decoding=\"async\" width=\"682\" height=\"1024\" src=\"https:\/\/kaanatelier.com\/wp-content\/uploads\/2026\/01\/WhatsApp-Image-2025-10-25-at-19.05.23_bb3df60c-682x1024.jpg\" alt=\"\" class=\"wp-image-390\" style=\"aspect-ratio:3\/4;object-fit:cover\" srcset=\"https:\/\/kaanatelier.com\/wp-content\/uploads\/2026\/01\/WhatsApp-Image-2025-10-25-at-19.05.23_bb3df60c-682x1024.jpg 682w, https:\/\/kaanatelier.com\/wp-content\/uploads\/2026\/01\/WhatsApp-Image-2025-10-25-at-19.05.23_bb3df60c-200x300.jpg 200w, https:\/\/kaanatelier.com\/wp-content\/uploads\/2026\/01\/WhatsApp-Image-2025-10-25-at-19.05.23_bb3df60c-768x1153.jpg 768w, https:\/\/kaanatelier.com\/wp-content\/uploads\/2026\/01\/WhatsApp-Image-2025-10-25-at-19.05.23_bb3df60c-1023x1536.jpg 1023w, https:\/\/kaanatelier.com\/wp-content\/uploads\/2026\/01\/WhatsApp-Image-2025-10-25-at-19.05.23_bb3df60c.jpg 1066w\" sizes=\"auto, (max-width: 682px) 100vw, 682px\" \/><\/figure>\n<\/div>\n\n\n\n<div class=\"wp-block-column is-layout-flow wp-block-column-is-layout-flow\" style=\"flex-basis:66.66%\"><h2 class=\"wp-block-post-title\">Dorothea Embre\u0161i\u0107 Steiner<\/h2>\n\n\n<p>\u2022 Suradnica za <strong>marketing i komunikacije<\/strong> s izra\u017eenim analiti\u010dkim i organizacijskim vje\u0161tinama<br>\u2022 <strong>Magistra tloznanstva<\/strong> (sto\u010darstvo i biljna proizvodnja), na Fakultetu agrobiotehni\u010dkih znanosti u Osijeku (s <strong>objavljenim znanstvenim radovima)<\/strong><br>\u2022 <strong>Obrazovna pozadina koja objedinjuje jezi\u010dne i ekonomske kompetencije<\/strong>, omogu\u0107uju\u0107i u\u010dinkovitu komunikaciju i poslovni uvid<\/p>\n\n\n\n<hr class=\"wp-block-separator has-alpha-channel-opacity is-style-wide\"\/>\n\n\n\n<p>Njezin je rad usmjeren na digitalni marketing, online komunikaciju i koordinaciju sadr\u017eaja na razli\u010ditim platformama. Analiti\u010dko razmi\u0161ljanje kombinira s kreativno\u0161\u0107u u razvoju u\u010dinkovitih marketin\u0161kih strategija i komunikacije usmjerene na korisnike.<\/p>\n\n\n\n<p>S vi\u0161egodi\u0161njim iskustvom u web prodaji, odnosima s klijentima i back-office poslovima, razvila je svestrano razumijevanje digitalnih poslovnih procesa, upravljanja klijentima i operativne u\u010dinkovitosti.<\/p>\n\n\n\n<p>Kontinuirano nadogra\u0111uje svoje znanje u podru\u010dju marketinga, brendiranja i vizualne komunikacije, s ciljem stvaranja jasnih, privla\u010dnih i strate\u0161ki usmjerenih poruka koje povezuju ideje s mjerljivim rezultatima.<\/p>\n<\/div>\n<\/div>\n\n\n\n<hr class=\"wp-block-separator has-alpha-channel-opacity is-style-wide\" style=\"margin-top:var(--wp--preset--spacing--10);margin-bottom:var(--wp--preset--spacing--10)\"\/>\n\n\n\n<div class=\"wp-block-group alignwide has-global-padding is-layout-constrained wp-block-group-is-layout-constrained\">\n<div class=\"wp-block-columns alignwide is-layout-flex wp-container-core-columns-is-layout-28f84493 wp-block-columns-is-layout-flex\">\n<div class=\"wp-block-column is-layout-flow wp-block-column-is-layout-flow\">\n<p class=\"has-medium-font-size\"><strong><strong>Profesionalno iskustvo<\/strong><\/strong><\/p>\n\n\n\n<ul class=\"wp-block-list has-small-font-size\">\n<li class=\"has-small-font-size\">Specijalistica za marketing i prodaju s bogatim iskustvom u telekomunikacijama i digitalnom marketingu, usmjerena na akviziciju klijenata, zadr\u017eavanje korisnika i koordinaciju usluga \u2014 Gracias Plus d.o.o. (slu\u017ebeni A1 telekomunikacijski partner)<\/li>\n\n\n\n<li>Stru\u010dnjakinja za online i telefonsku prodaju s vi\u0161e od dvije godine iskustva u izravnoj komunikaciji s korisnicima, pregovorima i prodaji usmjerenoj na rezultate \u2014 Hrvatski Telekom d.d. (vode\u0107a hrvatska telekomunikacijska tvrtka)<\/li>\n\n\n\n<li>Poslovi back-officea i administrativnih operacija, uklju\u010duju\u0107i obradu ugovora, implementaciju usluga i upravljanje penalima, uz osiguravanje to\u010dnosti i uskla\u0111enosti s propisima \u2014 Hrvatski Telekom d.d.<\/li>\n\n\n\n<li class=\"has-small-font-size\">Koordinacija proizvodnje i logistike, s prakti\u010dnim iskustvom u planiranju, organizaciji radnih procesa i upravljanju kvalitetom u privatnom poljoprivrednom sektoru \u2014 Privatno poljoprivredno proizvodno poduze\u0107e<\/li>\n<\/ul>\n<\/div>\n\n\n\n<div class=\"wp-block-column is-layout-flow wp-block-column-is-layout-flow\">\n<p class=\"has-medium-font-size\"><strong><strong>Stru\u010dne publikacije i izlaganja<\/strong><\/strong><\/p>\n\n\n\n<ul class=\"wp-block-list has-small-font-size\">\n<li class=\"has-small-font-size\">Va\u017enost smanjenja koncentracije nitrata u tlu. <em>Asian Journal of Plant Science &#038; Research<\/em>, ISSN 2249-7412.<br>Rad istra\u017euje mikrobiolo\u0161ke procese uklju\u010dene u redukciju nitrata u tlu, uklju\u010duju\u0107i denitrifikaciju, disimilacijsku redukciju nitrata u amonij (DNRA) i anammox procese.<\/li>\n\n\n\n<li>U\u010dinkovitost bakterija <em>Pseudomonas<\/em> sp. u solubilizaciji fosfora na razli\u010ditim hranjivim podlogama. <br><em>Knjiga sa\u017eetaka 56. hrvatskog i 16. me\u0111unarodnog simpozija poljoprivrede<\/em>, Vodice, 5.\u201310. rujna 2021.<\/li>\n\n\n\n<li>Festival znanosti \u2013 \u201eOtkrivanja: umjetna oplodnja\u201d \u2014 poster \/ prezentacija, Osijek, 2018.<\/li>\n\n\n\n<li class=\"has-small-font-size\">Festival znanosti \u2013 \u201eOtkrivanja u hranidbi doma\u0107ih \u017eivotinja\u201d \u2014 poster \/ prezentacija, Osijek, 2019.<\/li>\n<\/ul>\n<\/div>\n<\/div>\n<\/div>\n<\/div>\n<\/div>\n\n\n\n<p><\/p>\n","protected":false},"excerpt":{"rendered":"<p>\u2022 Suradnica za marketing i komunikacije s izra\u017eenim analiti\u010dkim i organizacijskim vje\u0161tinama\u2022 Magistra tloznanstva (sto\u010darstvo i biljna proizvodnja), na Fakultetu agrobiotehni\u010dkih znanosti u Osijeku (s objavljenim znanstvenim radovima)\u2022 Obrazovna pozadina koja objedinjuje jezi\u010dne i ekonomske kompetencije, omogu\u0107uju\u0107i u\u010dinkovitu komunikaciju i poslovni uvid Njezin je rad usmjeren na digitalni marketing, online komunikaciju i koordinaciju sadr\u017eaja na [&hellip;]<\/p>\n","protected":false},"author":1,"featured_media":0,"parent":0,"menu_order":0,"comment_status":"closed","ping_status":"closed","template":"default-for-bio-2","meta":{"_uag_custom_page_level_css":"","footnotes":""},"class_list":["post-458","page","type-page","status-publish","hentry"],"aioseo_notices":[],"_hostinger_reach_plugin_has_subscription_block":false,"_hostinger_reach_plugin_is_elementor":false,"uagb_featured_image_src":{"full":false,"thumbnail":false,"medium":false,"medium_large":false,"large":false,"1536x1536":false,"2048x2048":false},"uagb_author_info":{"display_name":"ivanazivkovic444@gmail.com","author_link":"https:\/\/kaanatelier.com\/hr\/author\/ivanazivkovic444gmail-com\/"},"uagb_comment_info":0,"uagb_excerpt":"\u2022 Suradnica za marketing i komunikacije s izra\u017eenim analiti\u010dkim i organizacijskim vje\u0161tinama\u2022 Magistra tloznanstva (sto\u010darstvo i biljna proizvodnja), na Fakultetu agrobiotehni\u010dkih znanosti u Osijeku (s objavljenim znanstvenim radovima)\u2022 Obrazovna pozadina koja objedinjuje jezi\u010dne i ekonomske kompetencije, omogu\u0107uju\u0107i u\u010dinkovitu komunikaciju i poslovni uvid Njezin je rad usmjeren na digitalni marketing, online komunikaciju i koordinaciju sadr\u017eaja na&hellip;","_links":{"self":[{"href":"https:\/\/kaanatelier.com\/hr\/wp-json\/wp\/v2\/pages\/458","targetHints":{"allow":["GET"]}}],"collection":[{"href":"https:\/\/kaanatelier.com\/hr\/wp-json\/wp\/v2\/pages"}],"about":[{"href":"https:\/\/kaanatelier.com\/hr\/wp-json\/wp\/v2\/types\/page"}],"author":[{"embeddable":true,"href":"https:\/\/kaanatelier.com\/hr\/wp-json\/wp\/v2\/users\/1"}],"replies":[{"embeddable":true,"href":"https:\/\/kaanatelier.com\/hr\/wp-json\/wp\/v2\/comments?post=458"}],"version-history":[{"count":12,"href":"https:\/\/kaanatelier.com\/hr\/wp-json\/wp\/v2\/pages\/458\/revisions"}],"predecessor-version":[{"id":917,"href":"https:\/\/kaanatelier.com\/hr\/wp-json\/wp\/v2\/pages\/458\/revisions\/917"}],"wp:attachment":[{"href":"https:\/\/kaanatelier.com\/hr\/wp-json\/wp\/v2\/media?parent=458"}],"curies":[{"name":"wp","href":"https:\/\/api.w.org\/{rel}","templated":true}]}}