{"id":470,"date":"2026-01-21T19:14:40","date_gmt":"2026-01-21T19:14:40","guid":{"rendered":"https:\/\/kaanatelier.com\/hr\/?page_id=470"},"modified":"2026-01-25T22:19:53","modified_gmt":"2026-01-25T22:19:53","slug":"kristijan-embresic","status":"publish","type":"page","link":"https:\/\/kaanatelier.com\/hr\/kristijan-embresic\/","title":{"rendered":"Kristijan Embre\u0161i\u0107"},"content":{"rendered":"\n<div class=\"wp-block-group alignwide has-global-padding is-layout-constrained wp-block-group-is-layout-constrained\">\n<div class=\"wp-block-group alignwide has-global-padding is-layout-constrained wp-block-group-is-layout-constrained\">\n<div class=\"wp-block-columns alignwide is-layout-flex wp-container-core-columns-is-layout-28f84493 wp-block-columns-is-layout-flex\">\n<div class=\"wp-block-column is-layout-flow wp-block-column-is-layout-flow\" style=\"flex-basis:33.33%\">\n<figure class=\"wp-block-image size-large\"><img loading=\"lazy\" decoding=\"async\" width=\"682\" height=\"1024\" src=\"https:\/\/kaanatelier.com\/wp-content\/uploads\/2026\/01\/WhatsApp-Image-2025-10-25-at-19.05.55_bbbba944-682x1024.jpg\" alt=\"\" class=\"wp-image-391\" style=\"aspect-ratio:3\/4;object-fit:cover\" srcset=\"https:\/\/kaanatelier.com\/wp-content\/uploads\/2026\/01\/WhatsApp-Image-2025-10-25-at-19.05.55_bbbba944-682x1024.jpg 682w, https:\/\/kaanatelier.com\/wp-content\/uploads\/2026\/01\/WhatsApp-Image-2025-10-25-at-19.05.55_bbbba944-200x300.jpg 200w, https:\/\/kaanatelier.com\/wp-content\/uploads\/2026\/01\/WhatsApp-Image-2025-10-25-at-19.05.55_bbbba944-768x1153.jpg 768w, https:\/\/kaanatelier.com\/wp-content\/uploads\/2026\/01\/WhatsApp-Image-2025-10-25-at-19.05.55_bbbba944-1023x1536.jpg 1023w, https:\/\/kaanatelier.com\/wp-content\/uploads\/2026\/01\/WhatsApp-Image-2025-10-25-at-19.05.55_bbbba944.jpg 1066w\" sizes=\"auto, (max-width: 682px) 100vw, 682px\" \/><\/figure>\n<\/div>\n\n\n\n<div class=\"wp-block-column is-layout-flow wp-block-column-is-layout-flow\" style=\"flex-basis:66.66%\"><h2 class=\"wp-block-post-title\">Kristijan Embre\u0161i\u0107<\/h2>\n\n\n<p>\u2022 <strong>Stru\u010dnjak za prodaju, marketing i digitalnu komunikaciju<\/strong>, s iskustvom u vo\u0111enju timova i online prodaji<br>\u2022 <strong>Obrazovan u podru\u010dju trgovine, specijaliziran za maloprodaju i upravljanje prodajom<\/strong>, s izra\u017eenim prakti\u010dnim razumijevanjem tr\u017ei\u0161nih procesa i pona\u0161anja kupaca<br>\u2022 Zavr\u0161io brojne interne <strong>edukacije iz marketinga<\/strong>, prodajnih tehnika i motivacije zaposlenika, uz kontinuirano unapre\u0111ivanje rezultata i u\u010dinkovitosti tima<\/p>\n\n\n\n<hr class=\"wp-block-separator has-alpha-channel-opacity is-style-wide\"\/>\n\n\n\n<p>Prodajni i marketin\u0161ki stru\u010dnjak s vi\u0161e od deset godina iskustva u telekomunikacijama, online prodaji i radu s korisnicima. Karijeru je zapo\u010deo kao prodajni agent, razvijaju\u0107i sna\u017ene komunikacijske i pregovara\u010dke vje\u0161tine te redovito prema\u0161uju\u0107i zadane prodajne ciljeve.<\/p>\n\n\n\n<p>Kao voditelj tima upravljao je timom od 14 \u010dlanova, postavljao mjese\u010dne i godi\u0161nje ciljeve te vodio edukacije i radionice s ciljem pove\u0107anja u\u010dinkovitosti i motivacije. Prepoznat je po kreativnom i empati\u010dnom stilu vo\u0111enja, kojim poti\u010de pozitivnu i na rezultate usmjerenu timsku kulturu.<\/p>\n\n\n\n<p>Trenuta\u010dno djeluje kao stru\u010dnjak za web i telefonsku prodaju te voditelj tima. Svoja prakti\u010dna prodajna znanja povezuje s digitalnim komunikacijskim strategijama, s fokusom na interakciju s klijentima, upravljanje odnosima I poslovni rast.<\/p>\n<\/div>\n<\/div>\n\n\n\n<hr class=\"wp-block-separator has-alpha-channel-opacity is-style-wide\" style=\"margin-top:var(--wp--preset--spacing--10);margin-bottom:var(--wp--preset--spacing--10)\"\/>\n\n\n\n<div class=\"wp-block-group alignwide has-global-padding is-layout-constrained wp-block-group-is-layout-constrained\">\n<div class=\"wp-block-columns alignwide is-layout-flex wp-container-core-columns-is-layout-28f84493 wp-block-columns-is-layout-flex\">\n<div class=\"wp-block-column is-layout-flow wp-block-column-is-layout-flow\">\n<p><strong>Profesionalno iskustvo<\/strong><\/p>\n\n\n\n<ul class=\"wp-block-list has-small-font-size\">\n<li class=\"has-small-font-size\">Stru\u010dnjak za prodaju i marketing s bogatim iskustvom u telekomunikacijama i izravnoj prodaji, voditelj tima, usmjeren na akviziciju korisnika, njihovo zadr\u017eavanje i optimizaciju prodajnih rezultata \u2014 Studio Moderna (me\u0111unarodna tvrtka za izravnu prodaju i marketing), Transcom WorldWide (globalni pru\u017eatelj usluga korisni\u010dkog iskustva), A1 Hrvatska (vode\u0107a telekomunikacijska tvrtka).<\/li>\n\n\n\n<li class=\"has-small-font-size\">Vo\u0111enje tima i upravljanje ciljevima, s vi\u0161e od tri godine iskustva u vo\u0111enju prodajnog tima od 14 \u010dlanova, planiranju mjese\u010dnih i godi\u0161njih ciljeva te provedbi edukacija za unapre\u0111enje prodajnih rezultata \u2014 Transcom WorldWide (usluge korisni\u010dke podr\u0161ke i prodaje).<\/li>\n\n\n\n<li class=\"has-small-font-size\">Web i telefonska prodaja, komunikacija s klijentima i koordinacija digitalnog marketinga, uz povezivanje strategija temeljenih na podacima s personaliziranim pristupom korisnicima \u2014 A1 Hrvatska (telekomunikacijski operater), Gracias Plus d.o.o. (slu\u017ebeni A1 partner za web i tele-prodaju).<\/li>\n\n\n\n<li>Coaching, motivacija i kreativni razvoj tima kroz interne radionice i edukativne prodajne programe, s ciljem pove\u0107anja u\u010dinkovitosti i odr\u017eavanja pozitivne timske dinamike \u2014 Transcom WorldWide i A1 Hrvatska.<\/li>\n<\/ul>\n<\/div>\n<\/div>\n<\/div>\n<\/div>\n<\/div>\n\n\n\n<p><\/p>\n","protected":false},"excerpt":{"rendered":"<p>\u2022 Stru\u010dnjak za prodaju, marketing i digitalnu komunikaciju, s iskustvom u vo\u0111enju timova i online prodaji\u2022 Obrazovan u podru\u010dju trgovine, specijaliziran za maloprodaju i upravljanje prodajom, s izra\u017eenim prakti\u010dnim razumijevanjem tr\u017ei\u0161nih procesa i pona\u0161anja kupaca\u2022 Zavr\u0161io brojne interne edukacije iz marketinga, prodajnih tehnika i motivacije zaposlenika, uz kontinuirano unapre\u0111ivanje rezultata i u\u010dinkovitosti tima Prodajni i [&hellip;]<\/p>\n","protected":false},"author":1,"featured_media":0,"parent":0,"menu_order":0,"comment_status":"closed","ping_status":"closed","template":"default-for-bio-2","meta":{"_uag_custom_page_level_css":"","footnotes":""},"class_list":["post-470","page","type-page","status-publish","hentry"],"aioseo_notices":[],"_hostinger_reach_plugin_has_subscription_block":false,"_hostinger_reach_plugin_is_elementor":false,"uagb_featured_image_src":{"full":false,"thumbnail":false,"medium":false,"medium_large":false,"large":false,"1536x1536":false,"2048x2048":false},"uagb_author_info":{"display_name":"ivanazivkovic444@gmail.com","author_link":"https:\/\/kaanatelier.com\/hr\/author\/ivanazivkovic444gmail-com\/"},"uagb_comment_info":0,"uagb_excerpt":"\u2022 Stru\u010dnjak za prodaju, marketing i digitalnu komunikaciju, s iskustvom u vo\u0111enju timova i online prodaji\u2022 Obrazovan u podru\u010dju trgovine, specijaliziran za maloprodaju i upravljanje prodajom, s izra\u017eenim prakti\u010dnim razumijevanjem tr\u017ei\u0161nih procesa i pona\u0161anja kupaca\u2022 Zavr\u0161io brojne interne edukacije iz marketinga, prodajnih tehnika i motivacije zaposlenika, uz kontinuirano unapre\u0111ivanje rezultata i u\u010dinkovitosti tima Prodajni i&hellip;","_links":{"self":[{"href":"https:\/\/kaanatelier.com\/hr\/wp-json\/wp\/v2\/pages\/470","targetHints":{"allow":["GET"]}}],"collection":[{"href":"https:\/\/kaanatelier.com\/hr\/wp-json\/wp\/v2\/pages"}],"about":[{"href":"https:\/\/kaanatelier.com\/hr\/wp-json\/wp\/v2\/types\/page"}],"author":[{"embeddable":true,"href":"https:\/\/kaanatelier.com\/hr\/wp-json\/wp\/v2\/users\/1"}],"replies":[{"embeddable":true,"href":"https:\/\/kaanatelier.com\/hr\/wp-json\/wp\/v2\/comments?post=470"}],"version-history":[{"count":7,"href":"https:\/\/kaanatelier.com\/hr\/wp-json\/wp\/v2\/pages\/470\/revisions"}],"predecessor-version":[{"id":721,"href":"https:\/\/kaanatelier.com\/hr\/wp-json\/wp\/v2\/pages\/470\/revisions\/721"}],"wp:attachment":[{"href":"https:\/\/kaanatelier.com\/hr\/wp-json\/wp\/v2\/media?parent=470"}],"curies":[{"name":"wp","href":"https:\/\/api.w.org\/{rel}","templated":true}]}}