{"id":477,"date":"2026-01-21T19:20:12","date_gmt":"2026-01-21T19:20:12","guid":{"rendered":"https:\/\/kaanatelier.com\/hr\/?page_id=477"},"modified":"2026-01-28T21:38:02","modified_gmt":"2026-01-28T21:38:02","slug":"luka-josipovic","status":"publish","type":"page","link":"https:\/\/kaanatelier.com\/hr\/luka-josipovic\/","title":{"rendered":"Luka Josipovi\u0107"},"content":{"rendered":"\n<div class=\"wp-block-group alignwide has-global-padding is-layout-constrained wp-block-group-is-layout-constrained\">\n<div class=\"wp-block-group alignwide has-global-padding is-layout-constrained wp-block-group-is-layout-constrained\">\n<div class=\"wp-block-columns alignwide is-layout-flex wp-container-core-columns-is-layout-28f84493 wp-block-columns-is-layout-flex\">\n<div class=\"wp-block-column is-layout-flow wp-block-column-is-layout-flow\" style=\"flex-basis:33.33%\">\n<figure class=\"wp-block-image size-full\"><img loading=\"lazy\" decoding=\"async\" width=\"1024\" height=\"1024\" src=\"https:\/\/kaanatelier.com\/wp-content\/uploads\/2026\/01\/Luka-josipovic-susret-web-prijatelj-slika-za-web-1024x1024-1.jpg\" alt=\"\" class=\"wp-image-392\" style=\"aspect-ratio:3\/4;object-fit:cover\" srcset=\"https:\/\/kaanatelier.com\/wp-content\/uploads\/2026\/01\/Luka-josipovic-susret-web-prijatelj-slika-za-web-1024x1024-1.jpg 1024w, https:\/\/kaanatelier.com\/wp-content\/uploads\/2026\/01\/Luka-josipovic-susret-web-prijatelj-slika-za-web-1024x1024-1-300x300.jpg 300w, https:\/\/kaanatelier.com\/wp-content\/uploads\/2026\/01\/Luka-josipovic-susret-web-prijatelj-slika-za-web-1024x1024-1-150x150.jpg 150w, https:\/\/kaanatelier.com\/wp-content\/uploads\/2026\/01\/Luka-josipovic-susret-web-prijatelj-slika-za-web-1024x1024-1-768x768.jpg 768w\" sizes=\"auto, (max-width: 1024px) 100vw, 1024px\" \/><\/figure>\n<\/div>\n\n\n\n<div class=\"wp-block-column is-layout-flow wp-block-column-is-layout-flow\" style=\"flex-basis:66.66%\"><h2 class=\"wp-block-post-title\">Luka Josipovi\u0107<\/h2>\n\n\n<p>\u2022 <strong>Tehni\u010dki specijalist<\/strong> za scensku tehnologiju, rasvjetu, zvuk i <strong>produkcijsku logistiku<\/strong><br>\u2022 Trenuta\u010dno zavr\u0161ava preddiplomski studij <strong>ra\u010dunarstva<\/strong>, Fakultet elektrotehnike, ra\u010dunarstva i informacijskih tehnologija Osijek<br>\u2022 Sura\u0111uje s kreativnim timovima na tehni\u010dkoj realizaciji suvremenih izvedbi<\/p>\n\n\n\n<hr class=\"wp-block-separator has-alpha-channel-opacity is-style-wide\"\/>\n\n\n\n<p>Njegov rad obuhva\u0107a izradu i monta\u017eu scenografije i pozornice, postavljanje rasvjete i zvuka te tehni\u010dku koordinaciju \u017eivih i multimedijskih izvedbi. Iskusan u radu s naprednim softverskim alatima za tehni\u010dko planiranje i konfiguraciju sustava, osigurava preciznu i u\u010dinkovitu provedbu u umjetni\u010dkom i produkcijskom kontekstu.<\/p>\n\n\n\n<p>Tehni\u010dku stru\u010dnost povezuje s umjetni\u010dkim senzibilitetom, istra\u017euju\u0107i dodirne to\u010dke tehnologije i izvedbenih umjetnosti.<\/p>\n\n\n\n<p>Kontinuirano razvija svoja znanja u podru\u010dju produkcijskog menad\u017ementa i logistike, doprinose\u0107i nesmetanoj i inovativnoj tehni\u010dkoj realizaciji suvremenih izvedbi.<\/p>\n<\/div>\n<\/div>\n\n\n\n<hr class=\"wp-block-separator has-alpha-channel-opacity is-style-wide\" style=\"margin-top:var(--wp--preset--spacing--10);margin-bottom:var(--wp--preset--spacing--10)\"\/>\n\n\n\n<div class=\"wp-block-group alignwide has-global-padding is-layout-constrained wp-block-group-is-layout-constrained\">\n<div class=\"wp-block-columns alignwide is-layout-flex wp-container-core-columns-is-layout-28f84493 wp-block-columns-is-layout-flex\">\n<div class=\"wp-block-column is-layout-flow wp-block-column-is-layout-flow\">\n<p><strong>Odabrani anga\u017emani<\/strong><\/p>\n\n\n\n<ul class=\"wp-block-list has-small-font-size\">\n<li class=\"has-small-font-size\">Tehni\u010dka podr\u0161ka i produkcijska logistika \u2014 Kazali\u0161ni kolektiv Susret, Osijek (od 2023.)<\/li>\n\n\n\n<li>Scenski i rasvjetni tehni\u010dar \u2014 predstava <em>Zajedno<\/em>, Osijek (2023.)<\/li>\n\n\n\n<li>Tehni\u010dka podr\u0161ka \u2014 komedija <em>Iznimno dramati\u010dna drama<\/em>, Osijek (2023.)<\/li>\n\n\n\n<li>Postavljanje rasvjete i zvuka, koordinacija transporta \u2014 kabaretski program <em>Cabaret Cochon Noir<\/em>, Osijek (2024.)<\/li>\n\n\n\n<li>Postavljanje pozornice i tehni\u010dke opreme \u2014 interdisciplinarne izvedbe i probe unutar kolektiva Susret (2023.\u20132025.)<\/li>\n\n\n\n<li class=\"has-small-font-size\">Tehni\u010dki i produkcijski asistent \u2014 projekti suvremenih izvedbi koji objedinjuju tjelesno kazali\u0161te, zvuk i vizualni dizajn<\/li>\n<\/ul>\n<\/div>\n<\/div>\n<\/div>\n<\/div>\n<\/div>\n\n\n\n<p><\/p>\n","protected":false},"excerpt":{"rendered":"<p>\u2022 Tehni\u010dki specijalist za scensku tehnologiju, rasvjetu, zvuk i produkcijsku logistiku\u2022 Trenuta\u010dno zavr\u0161ava preddiplomski studij ra\u010dunarstva, Fakultet elektrotehnike, ra\u010dunarstva i informacijskih tehnologija Osijek\u2022 Sura\u0111uje s kreativnim timovima na tehni\u010dkoj realizaciji suvremenih izvedbi Njegov rad obuhva\u0107a izradu i monta\u017eu scenografije i pozornice, postavljanje rasvjete i zvuka te tehni\u010dku koordinaciju \u017eivih i multimedijskih izvedbi. Iskusan u radu [&hellip;]<\/p>\n","protected":false},"author":1,"featured_media":0,"parent":0,"menu_order":0,"comment_status":"closed","ping_status":"closed","template":"default-for-bio-2","meta":{"_uag_custom_page_level_css":"","footnotes":""},"class_list":["post-477","page","type-page","status-publish","hentry"],"aioseo_notices":[],"_hostinger_reach_plugin_has_subscription_block":false,"_hostinger_reach_plugin_is_elementor":false,"uagb_featured_image_src":{"full":false,"thumbnail":false,"medium":false,"medium_large":false,"large":false,"1536x1536":false,"2048x2048":false},"uagb_author_info":{"display_name":"ivanazivkovic444@gmail.com","author_link":"https:\/\/kaanatelier.com\/hr\/author\/ivanazivkovic444gmail-com\/"},"uagb_comment_info":0,"uagb_excerpt":"\u2022 Tehni\u010dki specijalist za scensku tehnologiju, rasvjetu, zvuk i produkcijsku logistiku\u2022 Trenuta\u010dno zavr\u0161ava preddiplomski studij ra\u010dunarstva, Fakultet elektrotehnike, ra\u010dunarstva i informacijskih tehnologija Osijek\u2022 Sura\u0111uje s kreativnim timovima na tehni\u010dkoj realizaciji suvremenih izvedbi Njegov rad obuhva\u0107a izradu i monta\u017eu scenografije i pozornice, postavljanje rasvjete i zvuka te tehni\u010dku koordinaciju \u017eivih i multimedijskih izvedbi. Iskusan u radu&hellip;","_links":{"self":[{"href":"https:\/\/kaanatelier.com\/hr\/wp-json\/wp\/v2\/pages\/477","targetHints":{"allow":["GET"]}}],"collection":[{"href":"https:\/\/kaanatelier.com\/hr\/wp-json\/wp\/v2\/pages"}],"about":[{"href":"https:\/\/kaanatelier.com\/hr\/wp-json\/wp\/v2\/types\/page"}],"author":[{"embeddable":true,"href":"https:\/\/kaanatelier.com\/hr\/wp-json\/wp\/v2\/users\/1"}],"replies":[{"embeddable":true,"href":"https:\/\/kaanatelier.com\/hr\/wp-json\/wp\/v2\/comments?post=477"}],"version-history":[{"count":12,"href":"https:\/\/kaanatelier.com\/hr\/wp-json\/wp\/v2\/pages\/477\/revisions"}],"predecessor-version":[{"id":778,"href":"https:\/\/kaanatelier.com\/hr\/wp-json\/wp\/v2\/pages\/477\/revisions\/778"}],"wp:attachment":[{"href":"https:\/\/kaanatelier.com\/hr\/wp-json\/wp\/v2\/media?parent=477"}],"curies":[{"name":"wp","href":"https:\/\/api.w.org\/{rel}","templated":true}]}}