{"id":8,"date":"2026-01-05T22:13:14","date_gmt":"2026-01-05T22:13:14","guid":{"rendered":"https:\/\/antiquewhite-termite-707718.hostingersite.com\/?page_id=8"},"modified":"2026-01-26T15:15:05","modified_gmt":"2026-01-26T15:15:05","slug":"about","status":"publish","type":"page","link":"https:\/\/kaanatelier.com\/hr\/about\/","title":{"rendered":"O nama"},"content":{"rendered":"\n<p><strong>KAAN atelier<\/strong> osnovale su dvije doktorice umjetnosti, s vizijom stvaranja autorskih serija i filmova koji nastaju na spoju kazali\u0161ta, vizualne umjetnosti i suvremenog knji\u017eevnog izraza.<br>Na\u0161 rad polazi iz iskustva oblikovanja prostora, pokreta i lika \u2013 kroz scenografiju, kostimografiju, glumu, re\u017eiju i likovnost, te iz dugogodi\u0161njeg autorskog djelovanja u izvedbenim umjetnostima.<\/p>\n\n\n\n<p>Kao produkcijska ku\u0107a, razvijamo vlastite projekte i stvaramo temelje za interdisciplinarnu suradnju, istra\u017euju\u0107i na\u010dine na koje slika, rije\u010d i zvuk postaju cjelina.<br>Svoje stvarala\u0161tvo \u0161irimo prema filmskim formama, usmjeravaju\u0107i se na poetiku pri\u010de, vizualnu izra\u017eajnost i autorski ton koji oblikuje identitet KAAN ateliera.<\/p>\n\n\n\n<div class=\"wp-block-group alignwide is-layout-grid wp-container-core-group-is-layout-0d42194f wp-block-group-is-layout-grid\">\n<div class=\"wp-block-group wp-container-content-d61e1221 is-vertical is-content-justification-left is-layout-flex wp-container-core-group-is-layout-dd225191 wp-block-group-is-layout-flex\">\n<figure class=\"wp-block-image size-full hover-fly\"><a href=\"https:\/\/kaanatelier.com\/hr\/ivana-zivkovic\/\"><img loading=\"lazy\" decoding=\"async\" width=\"1920\" height=\"2560\" src=\"https:\/\/kaanatelier.com\/wp-content\/uploads\/2026\/01\/IMG_20171104_130239-scaled.jpg\" alt=\"\" class=\"wp-image-382\" style=\"aspect-ratio:1;object-fit:cover\" srcset=\"https:\/\/kaanatelier.com\/wp-content\/uploads\/2026\/01\/IMG_20171104_130239-scaled.jpg 1920w, https:\/\/kaanatelier.com\/wp-content\/uploads\/2026\/01\/IMG_20171104_130239-225x300.jpg 225w, https:\/\/kaanatelier.com\/wp-content\/uploads\/2026\/01\/IMG_20171104_130239-768x1024.jpg 768w, https:\/\/kaanatelier.com\/wp-content\/uploads\/2026\/01\/IMG_20171104_130239-1152x1536.jpg 1152w, https:\/\/kaanatelier.com\/wp-content\/uploads\/2026\/01\/IMG_20171104_130239-1536x2048.jpg 1536w\" sizes=\"auto, (max-width: 1920px) 100vw, 1920px\" \/><\/a><\/figure>\n\n\n\n<p class=\"has-text-align-left\"><a href=\"https:\/\/kaanatelier.com\/hr\/ivana-zivkovic\" title=\"\"><strong>Ivana \u017divkovi\u0107<\/strong><\/a><\/p>\n<\/div>\n\n\n\n<div class=\"wp-block-group wp-container-content-d61e1221 is-vertical is-layout-flex wp-container-core-group-is-layout-fe9cc265 wp-block-group-is-layout-flex\">\n<figure class=\"wp-block-image size-full hover-fly\"><a href=\"https:\/\/kaanatelier.com\/hr\/sheron-pimpi-steiner\/\"><img loading=\"lazy\" decoding=\"async\" width=\"1260\" height=\"1599\" src=\"https:\/\/kaanatelier.com\/wp-content\/uploads\/2026\/01\/WhatsApp-Image-2025-10-25-at-22.34.58_19f5951b.jpg\" alt=\"\" class=\"wp-image-384\" style=\"aspect-ratio:1;object-fit:cover\" srcset=\"https:\/\/kaanatelier.com\/wp-content\/uploads\/2026\/01\/WhatsApp-Image-2025-10-25-at-22.34.58_19f5951b.jpg 1260w, https:\/\/kaanatelier.com\/wp-content\/uploads\/2026\/01\/WhatsApp-Image-2025-10-25-at-22.34.58_19f5951b-236x300.jpg 236w, https:\/\/kaanatelier.com\/wp-content\/uploads\/2026\/01\/WhatsApp-Image-2025-10-25-at-22.34.58_19f5951b-807x1024.jpg 807w, https:\/\/kaanatelier.com\/wp-content\/uploads\/2026\/01\/WhatsApp-Image-2025-10-25-at-22.34.58_19f5951b-768x975.jpg 768w, https:\/\/kaanatelier.com\/wp-content\/uploads\/2026\/01\/WhatsApp-Image-2025-10-25-at-22.34.58_19f5951b-1210x1536.jpg 1210w\" sizes=\"auto, (max-width: 1260px) 100vw, 1260px\" \/><\/a><\/figure>\n\n\n\n<p><a href=\"https:\/\/kaanatelier.com\/hr\/sheron-pimpi-steiner\/\" title=\"\"><strong>Sheron Pimpi-Steiner<\/strong><\/a><\/p>\n<\/div>\n\n\n\n<div class=\"wp-block-group wp-container-content-d61e1221 is-vertical is-layout-flex wp-container-core-group-is-layout-fe9cc265 wp-block-group-is-layout-flex\">\n<figure class=\"wp-block-image size-full has-custom-border hover-fly wp-duotone-unset-1\" style=\"margin-top:0;margin-right:0;margin-bottom:0;margin-left:0\"><a href=\"https:\/\/kaanatelier.com\/hr\/marijan-josipovic\/\"><img loading=\"lazy\" decoding=\"async\" width=\"911\" height=\"1366\" src=\"https:\/\/kaanatelier.com\/wp-content\/uploads\/2026\/01\/Marijan-web-fotka-.jpg\" alt=\"\" class=\"wp-image-385\" style=\"border-top-left-radius:0px;border-top-right-radius:0px;border-bottom-left-radius:0px;border-bottom-right-radius:0px;aspect-ratio:1;object-fit:cover\" srcset=\"https:\/\/kaanatelier.com\/wp-content\/uploads\/2026\/01\/Marijan-web-fotka-.jpg 911w, https:\/\/kaanatelier.com\/wp-content\/uploads\/2026\/01\/Marijan-web-fotka--200x300.jpg 200w, https:\/\/kaanatelier.com\/wp-content\/uploads\/2026\/01\/Marijan-web-fotka--683x1024.jpg 683w, https:\/\/kaanatelier.com\/wp-content\/uploads\/2026\/01\/Marijan-web-fotka--768x1152.jpg 768w\" sizes=\"auto, (max-width: 911px) 100vw, 911px\" \/><\/a><\/figure>\n\n\n\n<p><a href=\"https:\/\/kaanatelier.com\/hr\/marijan-josipovic\/\" title=\"\"><strong>Marijan Josipovi\u0107<\/strong><\/a><\/p>\n<\/div>\n\n\n\n<div class=\"wp-block-group wp-container-content-d61e1221 is-vertical is-layout-flex wp-container-core-group-is-layout-fe9cc265 wp-block-group-is-layout-flex\">\n<figure class=\"wp-block-image size-full hover-fly\"><a href=\"https:\/\/kaanatelier.com\/hr\/nikolina-odobasic\/\"><img loading=\"lazy\" decoding=\"async\" width=\"911\" height=\"1366\" src=\"https:\/\/kaanatelier.com\/wp-content\/uploads\/2026\/01\/Nina-web-fotka-.jpg\" alt=\"\" class=\"wp-image-389\" style=\"aspect-ratio:1;object-fit:cover\" srcset=\"https:\/\/kaanatelier.com\/wp-content\/uploads\/2026\/01\/Nina-web-fotka-.jpg 911w, https:\/\/kaanatelier.com\/wp-content\/uploads\/2026\/01\/Nina-web-fotka--200x300.jpg 200w, https:\/\/kaanatelier.com\/wp-content\/uploads\/2026\/01\/Nina-web-fotka--683x1024.jpg 683w, https:\/\/kaanatelier.com\/wp-content\/uploads\/2026\/01\/Nina-web-fotka--768x1152.jpg 768w\" sizes=\"auto, (max-width: 911px) 100vw, 911px\" \/><\/a><\/figure>\n\n\n\n<p><a href=\"https:\/\/kaanatelier.com\/hr\/nikolina-odobasic\/\" title=\"\"><strong>Nikolina Odoba\u0161i\u0107<\/strong><\/a><\/p>\n<\/div>\n\n\n\n<div class=\"wp-block-group is-vertical is-layout-flex wp-container-core-group-is-layout-fe9cc265 wp-block-group-is-layout-flex\">\n<figure class=\"wp-block-image size-full hover-fly\"><a href=\"https:\/\/kaanatelier.com\/hr\/dorothea-embresic-steiner\/\"><img loading=\"lazy\" decoding=\"async\" width=\"1066\" height=\"1600\" src=\"https:\/\/kaanatelier.com\/wp-content\/uploads\/2026\/01\/WhatsApp-Image-2025-10-25-at-19.05.23_bb3df60c.jpg\" alt=\"\" class=\"wp-image-390\" style=\"aspect-ratio:1;object-fit:cover\" srcset=\"https:\/\/kaanatelier.com\/wp-content\/uploads\/2026\/01\/WhatsApp-Image-2025-10-25-at-19.05.23_bb3df60c.jpg 1066w, https:\/\/kaanatelier.com\/wp-content\/uploads\/2026\/01\/WhatsApp-Image-2025-10-25-at-19.05.23_bb3df60c-200x300.jpg 200w, https:\/\/kaanatelier.com\/wp-content\/uploads\/2026\/01\/WhatsApp-Image-2025-10-25-at-19.05.23_bb3df60c-682x1024.jpg 682w, https:\/\/kaanatelier.com\/wp-content\/uploads\/2026\/01\/WhatsApp-Image-2025-10-25-at-19.05.23_bb3df60c-768x1153.jpg 768w, https:\/\/kaanatelier.com\/wp-content\/uploads\/2026\/01\/WhatsApp-Image-2025-10-25-at-19.05.23_bb3df60c-1023x1536.jpg 1023w\" sizes=\"auto, (max-width: 1066px) 100vw, 1066px\" \/><\/a><\/figure>\n\n\n\n<p><strong><a href=\"https:\/\/kaanatelier.com\/hr\/dorothea-embresic-steiner\/\" title=\"\">Dorothea Embre\u0161i\u0107 Steiner<\/a><\/strong><\/p>\n<\/div>\n\n\n\n<div class=\"wp-block-group is-vertical is-layout-flex wp-container-core-group-is-layout-fe9cc265 wp-block-group-is-layout-flex\">\n<figure class=\"wp-block-image size-full hover-fly\"><a href=\"https:\/\/kaanatelier.com\/hr\/kristijan-embresic\/\"><img loading=\"lazy\" decoding=\"async\" width=\"1066\" height=\"1600\" src=\"https:\/\/kaanatelier.com\/wp-content\/uploads\/2026\/01\/WhatsApp-Image-2025-10-25-at-19.05.55_bbbba944.jpg\" alt=\"\" class=\"wp-image-391\" style=\"aspect-ratio:1;object-fit:cover\" srcset=\"https:\/\/kaanatelier.com\/wp-content\/uploads\/2026\/01\/WhatsApp-Image-2025-10-25-at-19.05.55_bbbba944.jpg 1066w, https:\/\/kaanatelier.com\/wp-content\/uploads\/2026\/01\/WhatsApp-Image-2025-10-25-at-19.05.55_bbbba944-200x300.jpg 200w, https:\/\/kaanatelier.com\/wp-content\/uploads\/2026\/01\/WhatsApp-Image-2025-10-25-at-19.05.55_bbbba944-682x1024.jpg 682w, https:\/\/kaanatelier.com\/wp-content\/uploads\/2026\/01\/WhatsApp-Image-2025-10-25-at-19.05.55_bbbba944-768x1153.jpg 768w, https:\/\/kaanatelier.com\/wp-content\/uploads\/2026\/01\/WhatsApp-Image-2025-10-25-at-19.05.55_bbbba944-1023x1536.jpg 1023w\" sizes=\"auto, (max-width: 1066px) 100vw, 1066px\" \/><\/a><\/figure>\n\n\n\n<p><a href=\"https:\/\/kaanatelier.com\/hr\/kristijan-embresic\/\" title=\"\"><strong>Kristijan Embre\u0161i\u0107<\/strong><\/a><\/p>\n<\/div>\n\n\n\n<div class=\"wp-block-group is-vertical is-layout-flex wp-container-core-group-is-layout-fe9cc265 wp-block-group-is-layout-flex\">\n<figure class=\"wp-block-image size-full hover-fly\"><a href=\"https:\/\/kaanatelier.com\/hr\/luka-josipovic\/\"><img loading=\"lazy\" decoding=\"async\" width=\"1024\" height=\"1024\" src=\"https:\/\/kaanatelier.com\/wp-content\/uploads\/2026\/01\/Luka-josipovic-susret-web-prijatelj-slika-za-web-1024x1024-1.jpg\" alt=\"\" class=\"wp-image-392\" style=\"aspect-ratio:1;object-fit:cover\" srcset=\"https:\/\/kaanatelier.com\/wp-content\/uploads\/2026\/01\/Luka-josipovic-susret-web-prijatelj-slika-za-web-1024x1024-1.jpg 1024w, https:\/\/kaanatelier.com\/wp-content\/uploads\/2026\/01\/Luka-josipovic-susret-web-prijatelj-slika-za-web-1024x1024-1-300x300.jpg 300w, https:\/\/kaanatelier.com\/wp-content\/uploads\/2026\/01\/Luka-josipovic-susret-web-prijatelj-slika-za-web-1024x1024-1-150x150.jpg 150w, https:\/\/kaanatelier.com\/wp-content\/uploads\/2026\/01\/Luka-josipovic-susret-web-prijatelj-slika-za-web-1024x1024-1-768x768.jpg 768w\" sizes=\"auto, (max-width: 1024px) 100vw, 1024px\" \/><\/a><\/figure>\n\n\n\n<p><a href=\"https:\/\/kaanatelier.com\/hr\/luka-josipovic\/\" title=\"\"><strong>Luka Josipovi\u0107<\/strong><\/a><\/p>\n<\/div>\n<\/div>\n\n\n\n<p><\/p>\n","protected":false},"excerpt":{"rendered":"<p>KAAN atelier osnovale su dvije doktorice umjetnosti, s vizijom stvaranja autorskih serija i filmova koji nastaju na spoju kazali\u0161ta, vizualne umjetnosti i suvremenog knji\u017eevnog izraza.Na\u0161 rad polazi iz iskustva oblikovanja prostora, pokreta i lika \u2013 kroz scenografiju, kostimografiju, glumu, re\u017eiju i likovnost, te iz dugogodi\u0161njeg autorskog djelovanja u izvedbenim umjetnostima. Kao produkcijska ku\u0107a, razvijamo vlastite [&hellip;]<\/p>\n","protected":false},"author":1,"featured_media":0,"parent":0,"menu_order":0,"comment_status":"closed","ping_status":"closed","template":"","meta":{"_uag_custom_page_level_css":"","footnotes":""},"class_list":["post-8","page","type-page","status-publish","hentry"],"aioseo_notices":[],"_hostinger_reach_plugin_has_subscription_block":false,"_hostinger_reach_plugin_is_elementor":false,"uagb_featured_image_src":{"full":false,"thumbnail":false,"medium":false,"medium_large":false,"large":false,"1536x1536":false,"2048x2048":false},"uagb_author_info":{"display_name":"ivanazivkovic444@gmail.com","author_link":"https:\/\/kaanatelier.com\/hr\/author\/ivanazivkovic444gmail-com\/"},"uagb_comment_info":0,"uagb_excerpt":"KAAN atelier osnovale su dvije doktorice umjetnosti, s vizijom stvaranja autorskih serija i filmova koji nastaju na spoju kazali\u0161ta, vizualne umjetnosti i suvremenog knji\u017eevnog izraza.Na\u0161 rad polazi iz iskustva oblikovanja prostora, pokreta i lika \u2013 kroz scenografiju, kostimografiju, glumu, re\u017eiju i likovnost, te iz dugogodi\u0161njeg autorskog djelovanja u izvedbenim umjetnostima. Kao produkcijska ku\u0107a, razvijamo vlastite&hellip;","_links":{"self":[{"href":"https:\/\/kaanatelier.com\/hr\/wp-json\/wp\/v2\/pages\/8","targetHints":{"allow":["GET"]}}],"collection":[{"href":"https:\/\/kaanatelier.com\/hr\/wp-json\/wp\/v2\/pages"}],"about":[{"href":"https:\/\/kaanatelier.com\/hr\/wp-json\/wp\/v2\/types\/page"}],"author":[{"embeddable":true,"href":"https:\/\/kaanatelier.com\/hr\/wp-json\/wp\/v2\/users\/1"}],"replies":[{"embeddable":true,"href":"https:\/\/kaanatelier.com\/hr\/wp-json\/wp\/v2\/comments?post=8"}],"version-history":[{"count":54,"href":"https:\/\/kaanatelier.com\/hr\/wp-json\/wp\/v2\/pages\/8\/revisions"}],"predecessor-version":[{"id":760,"href":"https:\/\/kaanatelier.com\/hr\/wp-json\/wp\/v2\/pages\/8\/revisions\/760"}],"wp:attachment":[{"href":"https:\/\/kaanatelier.com\/hr\/wp-json\/wp\/v2\/media?parent=8"}],"curies":[{"name":"wp","href":"https:\/\/api.w.org\/{rel}","templated":true}]}}